{"id":34596,"date":"2025-06-02T17:16:41","date_gmt":"2025-06-02T17:16:41","guid":{"rendered":"https:\/\/lafufu.fashion\/product\/labubu-cotton-doll-glasses-colorful-goggles-ski-goggles-small-cloth\/"},"modified":"2026-05-13T02:42:29","modified_gmt":"2026-05-13T02:42:29","slug":"kinh-labubu","status":"publish","type":"product","link":"https:\/\/lafufu.fashion\/vi\/product\/kinh-labubu\/","title":{"rendered":"K\u00ednh Labubu k\u00ednh b\u00fap b\u00ea cotton k\u00ednh nhi\u1ec1u m\u00e0u k\u00ednh tr\u01b0\u1ee3t tuy\u1ebft v\u1ea3i nh\u1ecf"},"content":{"rendered":"","protected":false},"excerpt":{"rendered":"<p dir=\"auto\">N\u00e2ng t\u1ea7m phong c\u00e1ch cho b\u00fap b\u00ea mini c\u1ee7a b\u1ea1n v\u1edbi k\u00ednh Labubu! Ph\u1ee5 ki\u1ec7n k\u00ednh m\u1eaft th\u1eddi th\u01b0\u1ee3ng n\u00e0y c\u00f3 thi\u1ebft k\u1ebf thanh l\u1ecbch, \u0111\u01b0\u1ee3c ch\u1ebf t\u00e1c d\u00e0nh cho b\u00fap b\u00ea cao t\u1eeb 3-5 inch. Ho\u00e0n h\u1ea3o cho nh\u1eefng ng\u01b0\u1eddi s\u01b0u t\u1eadp, ch\u00fang s\u1ebd th\u00eam \u0111i\u1ec3m nh\u1ea5n sang tr\u1ecdng cho b\u1ea5t k\u1ef3 b\u1ed9 trang ph\u1ee5c n\u00e0o. Mua ngay t\u1ea1i lafufu.fashion v\u1edbi v\u1eadn chuy\u1ec3n mi\u1ec5n ph\u00ed to\u00e0n c\u1ea7u!<\/p>","protected":false},"featured_media":34662,"comment_status":"open","ping_status":"closed","template":"","meta":[],"product_brand":[],"product_cat":[21],"product_tag":[],"class_list":{"0":"post-34596","1":"product","2":"type-product","3":"status-publish","4":"has-post-thumbnail","6":"product_cat-accessories","7":"pa_colour-black-in-stock","8":"pa_colour-blue-purple","9":"pa_colour-customized-full-frame-colors-starting-from-1000-pairs","10":"pa_colour-dark-blue-in-stock","11":"pa_colour-light-blue-in-stock","12":"pa_colour-orange-in-stock","13":"pa_colour-pink-in-stock","14":"pa_colour-purple-in-stock","15":"pa_colour-red-in-stock","16":"pa_colour-transparent-in-stock","17":"pa_colour-yellow-in-stock","18":"pa_height-width-6cm-suitable-for-10cm-cotton-dolls","19":"pa_height-width-6cm-suitable-for-17cm-canvas-pendant","20":"pa_height-width-8-5cm-suitable-for-20cm-15cm-cotton-dolls","22":"first","23":"instock","24":"featured","25":"shipping-taxable","26":"purchasable","27":"product-type-variable"},"yoast_head":"<!-- This site is optimized with the Yoast SEO Premium plugin v24.9 (Yoast SEO v27.4) - https:\/\/yoast.com\/product\/yoast-seo-premium-wordpress\/ -->\n<title>Labubu glasses cotton doll glasses colorful goggles ski goggles small cloth - Mini Doll Fashion | Outfits &amp; Gear at lafufu.fashion<\/title>\n<meta name=\"description\" content=\"Shop Labubu Glasses at lafufu.fashion! These trendy eyewear accessories for mini dolls add style to your collection. Free shipping worldwide\u2014get yours now!\" \/>\n<meta name=\"robots\" content=\"index, follow, max-snippet:-1, max-image-preview:large, max-video-preview:-1\" \/>\n<link rel=\"canonical\" href=\"https:\/\/lafufu.fashion\/vi\/product\/kinh-labubu\/\" \/>\n<meta property=\"og:locale\" content=\"vi_VN\" \/>\n<meta property=\"og:type\" content=\"article\" \/>\n<meta property=\"og:title\" content=\"Labubu glasses cotton doll glasses colorful goggles ski goggles small cloth\" \/>\n<meta property=\"og:description\" content=\"Shop Labubu Glasses at lafufu.fashion! These trendy eyewear accessories for mini dolls add style to your collection. Free shipping worldwide\u2014get yours now!\" \/>\n<meta property=\"og:url\" content=\"https:\/\/lafufu.fashion\/vi\/product\/kinh-labubu\/\" \/>\n<meta property=\"og:site_name\" content=\"Mini Doll Fashion | Outfits &amp; Gear at lafufu.fashion\" \/>\n<meta property=\"article:modified_time\" content=\"2026-05-13T02:42:29+00:00\" \/>\n<meta property=\"og:image\" content=\"https:\/\/lafufu.fashion\/wp-content\/uploads\/2025\/06\/O1CN01OQMBF21QxkDgUMesa_2379392043-0-cib-e1750264774737.jpg\" \/>\n\t<meta property=\"og:image:width\" content=\"1080\" \/>\n\t<meta property=\"og:image:height\" content=\"1082\" \/>\n\t<meta property=\"og:image:type\" content=\"image\/jpeg\" \/>\n<meta name=\"twitter:card\" content=\"summary_large_image\" \/>\n<meta name=\"twitter:label1\" content=\"\u01af\u1edbc t\u00ednh th\u1eddi gian \u0111\u1ecdc\" \/>\n\t<meta name=\"twitter:data1\" content=\"1 ph\u00fat\" \/>\n<script type=\"application\/ld+json\" class=\"yoast-schema-graph\">{\"@context\":\"https:\\\/\\\/schema.org\",\"@graph\":[{\"@type\":\"WebPage\",\"@id\":\"https:\\\/\\\/lafufu.fashion\\\/product\\\/labubu-glasses\\\/\",\"url\":\"https:\\\/\\\/lafufu.fashion\\\/product\\\/labubu-glasses\\\/\",\"name\":\"Labubu glasses cotton doll glasses colorful goggles ski goggles small cloth - Mini Doll Fashion | Outfits &amp; Gear at lafufu.fashion\",\"isPartOf\":{\"@id\":\"https:\\\/\\\/lafufu.fashion\\\/#website\"},\"primaryImageOfPage\":{\"@id\":\"https:\\\/\\\/lafufu.fashion\\\/product\\\/labubu-glasses\\\/#primaryimage\"},\"image\":{\"@id\":\"https:\\\/\\\/lafufu.fashion\\\/product\\\/labubu-glasses\\\/#primaryimage\"},\"thumbnailUrl\":\"https:\\\/\\\/lafufu.fashion\\\/wp-content\\\/uploads\\\/2025\\\/06\\\/O1CN01OQMBF21QxkDgUMesa_2379392043-0-cib-e1750264774737.jpg\",\"datePublished\":\"2025-06-02T17:16:41+00:00\",\"dateModified\":\"2026-05-13T02:42:29+00:00\",\"description\":\"Shop Labubu Glasses at lafufu.fashion! These trendy eyewear accessories for mini dolls add style to your collection. Free shipping worldwide\u2014get yours now!\",\"breadcrumb\":{\"@id\":\"https:\\\/\\\/lafufu.fashion\\\/product\\\/labubu-glasses\\\/#breadcrumb\"},\"inLanguage\":\"vi\",\"potentialAction\":[{\"@type\":\"ReadAction\",\"target\":[\"https:\\\/\\\/lafufu.fashion\\\/product\\\/labubu-glasses\\\/\"]}]},{\"@type\":\"ImageObject\",\"inLanguage\":\"vi\",\"@id\":\"https:\\\/\\\/lafufu.fashion\\\/product\\\/labubu-glasses\\\/#primaryimage\",\"url\":\"https:\\\/\\\/lafufu.fashion\\\/wp-content\\\/uploads\\\/2025\\\/06\\\/O1CN01OQMBF21QxkDgUMesa_2379392043-0-cib-e1750264774737.jpg\",\"contentUrl\":\"https:\\\/\\\/lafufu.fashion\\\/wp-content\\\/uploads\\\/2025\\\/06\\\/O1CN01OQMBF21QxkDgUMesa_2379392043-0-cib-e1750264774737.jpg\",\"width\":1080,\"height\":1082},{\"@type\":\"BreadcrumbList\",\"@id\":\"https:\\\/\\\/lafufu.fashion\\\/product\\\/labubu-glasses\\\/#breadcrumb\",\"itemListElement\":[{\"@type\":\"ListItem\",\"position\":1,\"name\":\"Home\",\"item\":\"https:\\\/\\\/lafufu.fashion\\\/\"},{\"@type\":\"ListItem\",\"position\":2,\"name\":\"Shop\",\"item\":\"https:\\\/\\\/lafufu.fashion\\\/shop\\\/\"},{\"@type\":\"ListItem\",\"position\":3,\"name\":\"Labubu glasses cotton doll glasses colorful goggles ski goggles small cloth\"}]},{\"@type\":\"WebSite\",\"@id\":\"https:\\\/\\\/lafufu.fashion\\\/#website\",\"url\":\"https:\\\/\\\/lafufu.fashion\\\/\",\"name\":\"Mini Doll Fashion | Outfits &amp; Gear at lafufu.fashion\",\"description\":\"\",\"potentialAction\":[{\"@type\":\"SearchAction\",\"target\":{\"@type\":\"EntryPoint\",\"urlTemplate\":\"https:\\\/\\\/lafufu.fashion\\\/?s={search_term_string}\"},\"query-input\":{\"@type\":\"PropertyValueSpecification\",\"valueRequired\":true,\"valueName\":\"search_term_string\"}}],\"inLanguage\":\"vi\"}]}<\/script>\n<!-- \/ Yoast SEO Premium plugin. -->","yoast_head_json":{"title":"K\u00ednh Labubu b\u1eb1ng v\u1ea3i cotton, k\u00ednh m\u1eaft nhi\u1ec1u m\u00e0u s\u1eafc, k\u00ednh tr\u01b0\u1ee3t tuy\u1ebft, k\u00ednh v\u1ea3i nh\u1ecf - Th\u1eddi trang b\u00fap b\u00ea mini | Trang ph\u1ee5c &amp; Ph\u1ee5 ki\u1ec7n t\u1ea1i lafufu.fashion","description":"Mua k\u00ednh Labubu t\u1ea1i lafufu.fashion! Ph\u1ee5 ki\u1ec7n k\u00ednh m\u1eaft th\u1eddi trang d\u00e0nh cho b\u00fap b\u00ea mini n\u00e0y s\u1ebd l\u00e0m n\u1ed5i b\u1eadt b\u1ed9 s\u01b0u t\u1eadp c\u1ee7a b\u1ea1n. Mi\u1ec5n ph\u00ed v\u1eadn chuy\u1ec3n to\u00e0n c\u1ea7u\u2014mua ngay!","robots":{"index":"index","follow":"follow","max-snippet":"max-snippet:-1","max-image-preview":"max-image-preview:large","max-video-preview":"max-video-preview:-1"},"canonical":"https:\/\/lafufu.fashion\/vi\/product\/kinh-labubu\/","og_locale":"vi_VN","og_type":"article","og_title":"Labubu glasses cotton doll glasses colorful goggles ski goggles small cloth","og_description":"Shop Labubu Glasses at lafufu.fashion! These trendy eyewear accessories for mini dolls add style to your collection. Free shipping worldwide\u2014get yours now!","og_url":"https:\/\/lafufu.fashion\/vi\/product\/kinh-labubu\/","og_site_name":"Mini Doll Fashion | Outfits &amp; Gear at lafufu.fashion","article_modified_time":"2026-05-13T02:42:29+00:00","og_image":[{"width":1080,"height":1082,"url":"https:\/\/lafufu.fashion\/wp-content\/uploads\/2025\/06\/O1CN01OQMBF21QxkDgUMesa_2379392043-0-cib-e1750264774737.jpg","type":"image\/jpeg"}],"twitter_card":"summary_large_image","twitter_misc":{"\u01af\u1edbc t\u00ednh th\u1eddi gian \u0111\u1ecdc":"1 ph\u00fat"},"schema":{"@context":"https:\/\/schema.org","@graph":[{"@type":"WebPage","@id":"https:\/\/lafufu.fashion\/product\/labubu-glasses\/","url":"https:\/\/lafufu.fashion\/product\/labubu-glasses\/","name":"K\u00ednh Labubu b\u1eb1ng v\u1ea3i cotton, k\u00ednh m\u1eaft nhi\u1ec1u m\u00e0u s\u1eafc, k\u00ednh tr\u01b0\u1ee3t tuy\u1ebft, k\u00ednh v\u1ea3i nh\u1ecf - Th\u1eddi trang b\u00fap b\u00ea mini | Trang ph\u1ee5c &amp; Ph\u1ee5 ki\u1ec7n t\u1ea1i lafufu.fashion","isPartOf":{"@id":"https:\/\/lafufu.fashion\/#website"},"primaryImageOfPage":{"@id":"https:\/\/lafufu.fashion\/product\/labubu-glasses\/#primaryimage"},"image":{"@id":"https:\/\/lafufu.fashion\/product\/labubu-glasses\/#primaryimage"},"thumbnailUrl":"https:\/\/lafufu.fashion\/wp-content\/uploads\/2025\/06\/O1CN01OQMBF21QxkDgUMesa_2379392043-0-cib-e1750264774737.jpg","datePublished":"2025-06-02T17:16:41+00:00","dateModified":"2026-05-13T02:42:29+00:00","description":"Mua k\u00ednh Labubu t\u1ea1i lafufu.fashion! Ph\u1ee5 ki\u1ec7n k\u00ednh m\u1eaft th\u1eddi trang d\u00e0nh cho b\u00fap b\u00ea mini n\u00e0y s\u1ebd l\u00e0m n\u1ed5i b\u1eadt b\u1ed9 s\u01b0u t\u1eadp c\u1ee7a b\u1ea1n. Mi\u1ec5n ph\u00ed v\u1eadn chuy\u1ec3n to\u00e0n c\u1ea7u\u2014mua ngay!","breadcrumb":{"@id":"https:\/\/lafufu.fashion\/product\/labubu-glasses\/#breadcrumb"},"inLanguage":"vi","potentialAction":[{"@type":"ReadAction","target":["https:\/\/lafufu.fashion\/product\/labubu-glasses\/"]}]},{"@type":"ImageObject","inLanguage":"vi","@id":"https:\/\/lafufu.fashion\/product\/labubu-glasses\/#primaryimage","url":"https:\/\/lafufu.fashion\/wp-content\/uploads\/2025\/06\/O1CN01OQMBF21QxkDgUMesa_2379392043-0-cib-e1750264774737.jpg","contentUrl":"https:\/\/lafufu.fashion\/wp-content\/uploads\/2025\/06\/O1CN01OQMBF21QxkDgUMesa_2379392043-0-cib-e1750264774737.jpg","width":1080,"height":1082},{"@type":"BreadcrumbList","@id":"https:\/\/lafufu.fashion\/product\/labubu-glasses\/#breadcrumb","itemListElement":[{"@type":"ListItem","position":1,"name":"Home","item":"https:\/\/lafufu.fashion\/"},{"@type":"ListItem","position":2,"name":"Shop","item":"https:\/\/lafufu.fashion\/shop\/"},{"@type":"ListItem","position":3,"name":"Labubu glasses cotton doll glasses colorful goggles ski goggles small cloth"}]},{"@type":"WebSite","@id":"https:\/\/lafufu.fashion\/#website","url":"https:\/\/lafufu.fashion\/","name":"Th\u1eddi trang b\u00fap b\u00ea mini | Trang ph\u1ee5c &amp; \u0110\u1ed3 d\u00f9ng t\u1ea1i lafufu.fashion","description":"","potentialAction":[{"@type":"SearchAction","target":{"@type":"EntryPoint","urlTemplate":"https:\/\/lafufu.fashion\/?s={search_term_string}"},"query-input":{"@type":"PropertyValueSpecification","valueRequired":true,"valueName":"search_term_string"}}],"inLanguage":"vi"}]}},"_links":{"self":[{"href":"https:\/\/lafufu.fashion\/vi\/wp-json\/wp\/v2\/product\/34596","targetHints":{"allow":["GET"]}}],"collection":[{"href":"https:\/\/lafufu.fashion\/vi\/wp-json\/wp\/v2\/product"}],"about":[{"href":"https:\/\/lafufu.fashion\/vi\/wp-json\/wp\/v2\/types\/product"}],"replies":[{"embeddable":true,"href":"https:\/\/lafufu.fashion\/vi\/wp-json\/wp\/v2\/comments?post=34596"}],"wp:featuredmedia":[{"embeddable":true,"href":"https:\/\/lafufu.fashion\/vi\/wp-json\/wp\/v2\/media\/34662"}],"wp:attachment":[{"href":"https:\/\/lafufu.fashion\/vi\/wp-json\/wp\/v2\/media?parent=34596"}],"wp:term":[{"taxonomy":"product_brand","embeddable":true,"href":"https:\/\/lafufu.fashion\/vi\/wp-json\/wp\/v2\/product_brand?post=34596"},{"taxonomy":"product_cat","embeddable":true,"href":"https:\/\/lafufu.fashion\/vi\/wp-json\/wp\/v2\/product_cat?post=34596"},{"taxonomy":"product_tag","embeddable":true,"href":"https:\/\/lafufu.fashion\/vi\/wp-json\/wp\/v2\/product_tag?post=34596"}],"curies":[{"name":"trang web","href":"https:\/\/api.w.org\/{rel}","templated":true}]}}