{"id":5288,"date":"2021-08-25T09:00:10","date_gmt":"2021-08-25T09:00:10","guid":{"rendered":"http:\/\/dummy.xtemos.com\/woodmart2\/?page_id=5288"},"modified":"2025-05-29T14:40:05","modified_gmt":"2025-05-29T14:40:05","slug":"lien-he-voi-chung-toi","status":"publish","type":"page","link":"https:\/\/lafufu.fashion\/vi\/lien-he-voi-chung-toi\/","title":{"rendered":"Li\u00ean h\u1ec7 v\u1edbi ch\u00fang t\u00f4i"},"content":{"rendered":"<div id=\"wd-a4d03781\" class=\"wp-block-wd-row\">\n<div id=\"wd-026b0d96\" class=\"wp-block-wd-column\">\n<h2 id=\"wd-24d4c875\" class=\"wp-block-wd-title title\">D\u1ecbch v\u1ee5 c\u1ee7a lafufu.fashion<\/h2>\n\n\n\n<p id=\"wd-8f785582\" class=\"wp-block-wd-paragraph wd-custom-width\">B\u1ea1n c\u00f3 th\u1eafc m\u1eafc v\u1ec1 Trang ph\u1ee5c, Ph\u1ee5 ki\u1ec7n ho\u1eb7c Thi\u1ebft b\u1ecb t\u00f9y ch\u1ec9nh c\u1ee7a ch\u00fang t\u00f4i d\u00e0nh cho b\u00fap b\u00ea mini c\u1ee7a b\u1ea1n kh\u00f4ng? Ch\u00fang t\u00f4i \u1edf \u0111\u00e2y \u0111\u1ec3 gi\u00fap b\u1ea1n! L\u00e0 nh\u1eefng ng\u01b0\u1eddi h\u00e2m m\u1ed9 b\u00fap b\u00ea mini, ch\u00fang t\u00f4i r\u1ea5t th\u00edch l\u1eafng nghe \u00fd ki\u1ebfn c\u1ee7a b\u1ea1n\u2014cho d\u00f9 \u0111\u00f3 l\u00e0 v\u1ec1 m\u1eb9o t\u1ea1o ki\u1ec3u, c\u1eadp nh\u1eadt \u0111\u01a1n h\u00e0ng hay ch\u1ec9 \u0111\u01a1n gi\u1ea3n l\u00e0 chia s\u1ebb t\u00ecnh y\u00eau d\u00e0nh cho nh\u1eefng m\u00f3n \u0111\u1ed3 s\u01b0u t\u1ea7m \u0111\u00e1ng y\u00eau.<br><\/p>\n\n\n\n<p id=\"wd-c8f7cf2b\" class=\"wp-block-wd-paragraph\"><strong>lafufu.th\u1eddi trang<\/strong>\u00a0kh\u00f4ng li\u00ean k\u1ebft v\u1edbi Pop Mart ho\u1eb7c th\u01b0\u01a1ng hi\u1ec7u Labubu ch\u00ednh th\u1ee9c. Ch\u00fang t\u00f4i l\u00e0 nh\u1eefng ng\u01b0\u1eddi h\u00e2m m\u1ed9 nhi\u1ec7t th\u00e0nh t\u1ea1o ra c\u00e1c ph\u1ee5 ki\u1ec7n g\u1ed1c cho b\u00fap b\u00ea mini. N\u1ebfu c\u00f3 b\u1ea5t k\u1ef3 lo ng\u1ea1i n\u00e0o v\u1ec1 vi ph\u1ea1m, vui l\u00f2ng li\u00ean h\u1ec7 v\u1edbi ch\u00fang t\u00f4i theo \u0111\u1ecba ch\u1ec9\u00a0<a href=\"mailto:labubufashion@hotmail.com\">lafufufashion@hotmail.com<\/a>v\u00e0 ch\u00fang t\u00f4i s\u1ebd gi\u1ea3i quy\u1ebft ngay l\u1eadp t\u1ee9c.<\/p>\n\n\n\n<p>H\u00e3y c\u00f9ng ti\u1ebfp t\u1ee5c nu\u00f4i d\u01b0\u1ee1ng ni\u1ec1m vui v\u1edbi b\u00fap b\u00ea mini! H\u00e3y li\u00ean h\u1ec7 ngay h\u00f4m nay!<\/p>\n<\/div>\n\n\n\n<div id=\"wd-8da85e64\" class=\"wp-block-wd-column\">\n<p id=\"wd-61bf7b28\" class=\"wp-block-wd-paragraph\"><strong>Th\u1eddi gian l\u00e0m vi\u1ec7c: Th\u1ee9 Hai \u2013 Th\u1ee9 S\u00e1u<\/strong> 09:00 &#8211; 17:00<\/p>\n\n\n\n<p id=\"wd-6fd19892\" class=\"wp-block-wd-paragraph\"><strong>Email: lafufufashion@hotmail.com<\/strong><\/p>\n<\/div>\n<\/div>\n\n\n\n<div id=\"wd-b0e787c5\" class=\"wp-block-wd-section\">\n<div id=\"wd-37637190\" class=\"wp-block-wd-gallery wd-carousel-container wd-caption-mask\" style=\"\"><div class=\"wd-carousel-inner\"><div class=\"wd-carousel wd-grid\" style=\"--wd-col-lg:3;--wd-col-md:2;--wd-col-sm:1;--wd-gap-lg:20px;--wd-gap-sm:10px;\" data-scroll_per_page=\"yes\"><div class=\"wd-carousel-wrap\">\n<div id=\"wd-c488ace4\" class=\"wp-block-wd-gallery-item wd-carousel-item photoswipe-images\"><div class=\"wd-block-image\"><a href=\"https:\/\/lafufu.fashion\/wp-content\/uploads\/2025\/05\/\u5fae\u4fe1\u56fe\u7247_20250528112126_86.jpg\" data-width=\"1280\" data-height=\"1280\" data-elementor-open-lightbox=\"no\"><img loading=\"lazy\" decoding=\"async\" width=\"1280\" height=\"1280\" class=\"wp-image-34257\" src=\"https:\/\/lafufu.fashion\/wp-content\/uploads\/2025\/05\/\u5fae\u4fe1\u56fe\u7247_20250528112126_86.jpg\" alt=\"\" srcset=\"https:\/\/lafufu.fashion\/wp-content\/uploads\/2025\/05\/\u5fae\u4fe1\u56fe\u7247_20250528112126_86.jpg 1280w, https:\/\/lafufu.fashion\/wp-content\/uploads\/2025\/05\/\u5fae\u4fe1\u56fe\u7247_20250528112126_86-430x430.jpg 430w, https:\/\/lafufu.fashion\/wp-content\/uploads\/2025\/05\/\u5fae\u4fe1\u56fe\u7247_20250528112126_86-150x150.jpg 150w, https:\/\/lafufu.fashion\/wp-content\/uploads\/2025\/05\/\u5fae\u4fe1\u56fe\u7247_20250528112126_86-700x700.jpg 700w, https:\/\/lafufu.fashion\/wp-content\/uploads\/2025\/05\/\u5fae\u4fe1\u56fe\u7247_20250528112126_86-300x300.jpg 300w, https:\/\/lafufu.fashion\/wp-content\/uploads\/2025\/05\/\u5fae\u4fe1\u56fe\u7247_20250528112126_86-800x800.jpg 800w, https:\/\/lafufu.fashion\/wp-content\/uploads\/2025\/05\/\u5fae\u4fe1\u56fe\u7247_20250528112126_86-768x768.jpg 768w\" sizes=\"auto, (max-width: 1280px) 100vw, 1280px\" \/><\/a><\/div><\/div>\n\n\n\n<div id=\"wd-5e67530e\" class=\"wp-block-wd-gallery-item wd-carousel-item photoswipe-images\"><div class=\"wd-block-image\"><a href=\"https:\/\/lafufu.fashion\/wp-content\/uploads\/2025\/05\/\u5fae\u4fe1\u56fe\u7247_20250528112126_89.jpg\" data-width=\"1194\" data-height=\"1002\" data-elementor-open-lightbox=\"no\"><img loading=\"lazy\" decoding=\"async\" width=\"1194\" height=\"1002\" class=\"wp-image-34258\" src=\"https:\/\/lafufu.fashion\/wp-content\/uploads\/2025\/05\/\u5fae\u4fe1\u56fe\u7247_20250528112126_89.jpg\" alt=\"\" srcset=\"https:\/\/lafufu.fashion\/wp-content\/uploads\/2025\/05\/\u5fae\u4fe1\u56fe\u7247_20250528112126_89.jpg 1194w, https:\/\/lafufu.fashion\/wp-content\/uploads\/2025\/05\/\u5fae\u4fe1\u56fe\u7247_20250528112126_89-430x361.jpg 430w, https:\/\/lafufu.fashion\/wp-content\/uploads\/2025\/05\/\u5fae\u4fe1\u56fe\u7247_20250528112126_89-150x126.jpg 150w, https:\/\/lafufu.fashion\/wp-content\/uploads\/2025\/05\/\u5fae\u4fe1\u56fe\u7247_20250528112126_89-700x587.jpg 700w, https:\/\/lafufu.fashion\/wp-content\/uploads\/2025\/05\/\u5fae\u4fe1\u56fe\u7247_20250528112126_89-357x300.jpg 357w, https:\/\/lafufu.fashion\/wp-content\/uploads\/2025\/05\/\u5fae\u4fe1\u56fe\u7247_20250528112126_89-953x800.jpg 953w, https:\/\/lafufu.fashion\/wp-content\/uploads\/2025\/05\/\u5fae\u4fe1\u56fe\u7247_20250528112126_89-768x645.jpg 768w\" sizes=\"auto, (max-width: 1194px) 100vw, 1194px\" \/><\/a><\/div><\/div>\n\n\n\n<div id=\"wd-880a8650\" class=\"wp-block-wd-gallery-item wd-carousel-item photoswipe-images\"><div class=\"wd-block-image\"><a href=\"https:\/\/lafufu.fashion\/wp-content\/uploads\/2025\/05\/\u5fae\u4fe1\u56fe\u7247_20250528112127_61.jpg\" data-width=\"1280\" data-height=\"1280\" data-elementor-open-lightbox=\"no\"><img loading=\"lazy\" decoding=\"async\" width=\"1280\" height=\"1280\" class=\"wp-image-34259\" src=\"https:\/\/lafufu.fashion\/wp-content\/uploads\/2025\/05\/\u5fae\u4fe1\u56fe\u7247_20250528112127_61.jpg\" alt=\"\" srcset=\"https:\/\/lafufu.fashion\/wp-content\/uploads\/2025\/05\/\u5fae\u4fe1\u56fe\u7247_20250528112127_61.jpg 1280w, https:\/\/lafufu.fashion\/wp-content\/uploads\/2025\/05\/\u5fae\u4fe1\u56fe\u7247_20250528112127_61-430x430.jpg 430w, https:\/\/lafufu.fashion\/wp-content\/uploads\/2025\/05\/\u5fae\u4fe1\u56fe\u7247_20250528112127_61-150x150.jpg 150w, https:\/\/lafufu.fashion\/wp-content\/uploads\/2025\/05\/\u5fae\u4fe1\u56fe\u7247_20250528112127_61-700x700.jpg 700w, https:\/\/lafufu.fashion\/wp-content\/uploads\/2025\/05\/\u5fae\u4fe1\u56fe\u7247_20250528112127_61-300x300.jpg 300w, https:\/\/lafufu.fashion\/wp-content\/uploads\/2025\/05\/\u5fae\u4fe1\u56fe\u7247_20250528112127_61-800x800.jpg 800w, https:\/\/lafufu.fashion\/wp-content\/uploads\/2025\/05\/\u5fae\u4fe1\u56fe\u7247_20250528112127_61-768x768.jpg 768w\" sizes=\"auto, (max-width: 1280px) 100vw, 1280px\" \/><\/a><\/div><\/div>\n<\/div><\/div><div class=\"wd-nav-arrows wd-pos-sep wd-hover-1 wd-icon-1\"><div class=\"wd-btn-arrow wd-prev\"><div class=\"wd-arrow-inner\"><\/div><\/div><div class=\"wd-btn-arrow wd-next\"><div class=\"wd-arrow-inner\"><\/div><\/div><\/div><\/div><\/div>\n<\/div>","protected":false},"excerpt":{"rendered":"","protected":false},"author":1,"featured_media":0,"parent":0,"menu_order":0,"comment_status":"closed","ping_status":"closed","template":"","meta":{"footnotes":""},"class_list":["post-5288","page","type-page","status-publish","hentry"],"yoast_head":"<!-- This site is optimized with the Yoast SEO Premium plugin v24.9 (Yoast SEO v27.4) - https:\/\/yoast.com\/product\/yoast-seo-premium-wordpress\/ -->\n<title>Contact us - Mini Doll Fashion | Outfits &amp; Gear at lafufu.fashion<\/title>\n<meta name=\"robots\" content=\"index, follow, max-snippet:-1, max-image-preview:large, max-video-preview:-1\" \/>\n<link rel=\"canonical\" href=\"https:\/\/lafufu.fashion\/vi\/lien-he-voi-chung-toi\/\" \/>\n<meta property=\"og:locale\" content=\"vi_VN\" \/>\n<meta property=\"og:type\" content=\"article\" \/>\n<meta property=\"og:title\" content=\"Contact us\" \/>\n<meta property=\"og:url\" content=\"https:\/\/lafufu.fashion\/vi\/lien-he-voi-chung-toi\/\" \/>\n<meta property=\"og:site_name\" content=\"Mini Doll Fashion | Outfits &amp; Gear at lafufu.fashion\" \/>\n<meta property=\"article:modified_time\" content=\"2025-05-29T14:40:05+00:00\" \/>\n<meta name=\"twitter:card\" content=\"summary_large_image\" \/>\n<meta name=\"twitter:label1\" content=\"\u01af\u1edbc t\u00ednh th\u1eddi gian \u0111\u1ecdc\" \/>\n\t<meta name=\"twitter:data1\" content=\"2 ph\u00fat\" \/>\n<script type=\"application\/ld+json\" class=\"yoast-schema-graph\">{\"@context\":\"https:\\\/\\\/schema.org\",\"@graph\":[{\"@type\":\"WebPage\",\"@id\":\"https:\\\/\\\/lafufu.fashion\\\/contact-us\\\/\",\"url\":\"https:\\\/\\\/lafufu.fashion\\\/contact-us\\\/\",\"name\":\"Contact us - Mini Doll Fashion | Outfits &amp; Gear at lafufu.fashion\",\"isPartOf\":{\"@id\":\"https:\\\/\\\/lafufu.fashion\\\/#website\"},\"datePublished\":\"2021-08-25T09:00:10+00:00\",\"dateModified\":\"2025-05-29T14:40:05+00:00\",\"breadcrumb\":{\"@id\":\"https:\\\/\\\/lafufu.fashion\\\/contact-us\\\/#breadcrumb\"},\"inLanguage\":\"vi\",\"potentialAction\":[{\"@type\":\"ReadAction\",\"target\":[\"https:\\\/\\\/lafufu.fashion\\\/contact-us\\\/\"]}]},{\"@type\":\"BreadcrumbList\",\"@id\":\"https:\\\/\\\/lafufu.fashion\\\/contact-us\\\/#breadcrumb\",\"itemListElement\":[{\"@type\":\"ListItem\",\"position\":1,\"name\":\"Home\",\"item\":\"https:\\\/\\\/lafufu.fashion\\\/\"},{\"@type\":\"ListItem\",\"position\":2,\"name\":\"Contact us\"}]},{\"@type\":\"WebSite\",\"@id\":\"https:\\\/\\\/lafufu.fashion\\\/#website\",\"url\":\"https:\\\/\\\/lafufu.fashion\\\/\",\"name\":\"Mini Doll Fashion | Outfits &amp; Gear at lafufu.fashion\",\"description\":\"\",\"potentialAction\":[{\"@type\":\"SearchAction\",\"target\":{\"@type\":\"EntryPoint\",\"urlTemplate\":\"https:\\\/\\\/lafufu.fashion\\\/?s={search_term_string}\"},\"query-input\":{\"@type\":\"PropertyValueSpecification\",\"valueRequired\":true,\"valueName\":\"search_term_string\"}}],\"inLanguage\":\"vi\"}]}<\/script>\n<!-- \/ Yoast SEO Premium plugin. -->","yoast_head_json":{"title":"Li\u00ean h\u1ec7 v\u1edbi ch\u00fang t\u00f4i - Mini Doll Fashion | Trang ph\u1ee5c &amp; \u0110\u1ed3 d\u00f9ng t\u1ea1i lafufu.fashion","robots":{"index":"index","follow":"follow","max-snippet":"max-snippet:-1","max-image-preview":"max-image-preview:large","max-video-preview":"max-video-preview:-1"},"canonical":"https:\/\/lafufu.fashion\/vi\/lien-he-voi-chung-toi\/","og_locale":"vi_VN","og_type":"article","og_title":"Contact us","og_url":"https:\/\/lafufu.fashion\/vi\/lien-he-voi-chung-toi\/","og_site_name":"Mini Doll Fashion | Outfits &amp; Gear at lafufu.fashion","article_modified_time":"2025-05-29T14:40:05+00:00","twitter_card":"summary_large_image","twitter_misc":{"\u01af\u1edbc t\u00ednh th\u1eddi gian \u0111\u1ecdc":"2 ph\u00fat"},"schema":{"@context":"https:\/\/schema.org","@graph":[{"@type":"WebPage","@id":"https:\/\/lafufu.fashion\/contact-us\/","url":"https:\/\/lafufu.fashion\/contact-us\/","name":"Li\u00ean h\u1ec7 v\u1edbi ch\u00fang t\u00f4i - Mini Doll Fashion | Trang ph\u1ee5c &amp; \u0110\u1ed3 d\u00f9ng t\u1ea1i lafufu.fashion","isPartOf":{"@id":"https:\/\/lafufu.fashion\/#website"},"datePublished":"2021-08-25T09:00:10+00:00","dateModified":"2025-05-29T14:40:05+00:00","breadcrumb":{"@id":"https:\/\/lafufu.fashion\/contact-us\/#breadcrumb"},"inLanguage":"vi","potentialAction":[{"@type":"ReadAction","target":["https:\/\/lafufu.fashion\/contact-us\/"]}]},{"@type":"BreadcrumbList","@id":"https:\/\/lafufu.fashion\/contact-us\/#breadcrumb","itemListElement":[{"@type":"ListItem","position":1,"name":"Home","item":"https:\/\/lafufu.fashion\/"},{"@type":"ListItem","position":2,"name":"Contact us"}]},{"@type":"WebSite","@id":"https:\/\/lafufu.fashion\/#website","url":"https:\/\/lafufu.fashion\/","name":"Th\u1eddi trang b\u00fap b\u00ea mini | Trang ph\u1ee5c &amp; \u0110\u1ed3 d\u00f9ng t\u1ea1i lafufu.fashion","description":"","potentialAction":[{"@type":"SearchAction","target":{"@type":"EntryPoint","urlTemplate":"https:\/\/lafufu.fashion\/?s={search_term_string}"},"query-input":{"@type":"PropertyValueSpecification","valueRequired":true,"valueName":"search_term_string"}}],"inLanguage":"vi"}]}},"_links":{"self":[{"href":"https:\/\/lafufu.fashion\/vi\/wp-json\/wp\/v2\/pages\/5288","targetHints":{"allow":["GET"]}}],"collection":[{"href":"https:\/\/lafufu.fashion\/vi\/wp-json\/wp\/v2\/pages"}],"about":[{"href":"https:\/\/lafufu.fashion\/vi\/wp-json\/wp\/v2\/types\/page"}],"author":[{"embeddable":true,"href":"https:\/\/lafufu.fashion\/vi\/wp-json\/wp\/v2\/users\/1"}],"replies":[{"embeddable":true,"href":"https:\/\/lafufu.fashion\/vi\/wp-json\/wp\/v2\/comments?post=5288"}],"version-history":[{"count":5,"href":"https:\/\/lafufu.fashion\/vi\/wp-json\/wp\/v2\/pages\/5288\/revisions"}],"predecessor-version":[{"id":34349,"href":"https:\/\/lafufu.fashion\/vi\/wp-json\/wp\/v2\/pages\/5288\/revisions\/34349"}],"wp:attachment":[{"href":"https:\/\/lafufu.fashion\/vi\/wp-json\/wp\/v2\/media?parent=5288"}],"curies":[{"name":"trang web","href":"https:\/\/api.w.org\/{rel}","templated":true}]}}