{"id":5212,"date":"2021-08-25T07:26:28","date_gmt":"2021-08-25T07:26:28","guid":{"rendered":"http:\/\/dummy.xtemos.com\/woodmart2\/?page_id=5212"},"modified":"2025-05-28T13:21:03","modified_gmt":"2025-05-28T13:21:03","slug":"ve-chung-toi-3","status":"publish","type":"page","link":"https:\/\/lafufu.fashion\/vi\/ve-chung-toi-3\/","title":{"rendered":"V\u1ec1 ch\u00fang t\u00f4i"},"content":{"rendered":"<div id=\"wd-71e73bf2\" class=\"wp-block-wd-section\">\n<div id=\"wd-5ca05047\" class=\"wp-block-wd-row\">\n<div id=\"wd-a6d29b62\" class=\"wp-block-wd-column\">\n<p id=\"wd-9a74c592\" class=\"wp-block-wd-paragraph\">V\u00c0I L\u1edcI GI\u1edaI THI\u1ec6U V\u1ec0 CH\u00daNG T\u00d4I<\/p>\n\n\n\n<h2 id=\"wd-84a29a4b\" class=\"wp-block-wd-title title wd-custom-width\">Gi\u1edbi thi\u1ec7u v\u1ec1 ch\u00fang t\u00f4i<\/h2>\n<\/div>\n\n\n\n<div id=\"wd-b38a92d6\" class=\"wp-block-wd-column\">\n<h2 id=\"wd-1dff8114\" class=\"wp-block-wd-title title\">Cam k\u1ebft c\u1ee7a ch\u00fang t\u00f4i<\/h2>\n\n\n\n<p id=\"wd-a818c622\" class=\"wp-block-wd-paragraph wd-custom-width\">Ch\u00fang t\u00f4i quan t\u00e2m \u0111\u1ebfn t\u00ednh x\u00e1c th\u1ef1c v\u00e0 s\u00e1ng t\u1ea1o. Ch\u00fang t\u00f4i\u00a0<strong>kh\u00f4ng b\u00e1n b\u00fap b\u00ea Labubu ho\u1eb7c b\u1ea5t k\u1ef3 s\u1ea3n ph\u1ea9m gi\u1ea3 m\u1ea1o n\u00e0o<\/strong>. C\u1eeda h\u00e0ng c\u1ee7a ch\u00fang t\u00f4i ch\u1ec9 chuy\u00ean cung c\u1ea5p c\u00e1c ph\u1ee5 ki\u1ec7n v\u00e0 thi\u1ebft b\u1ecb t\u00f9y ch\u1ec9nh \u0111\u01b0\u1ee3c thi\u1ebft k\u1ebf \u0111\u1ec3 b\u1ed5 sung cho b\u00fap b\u00ea mini c\u1ee7a b\u1ea1n. M\u1ed7i m\u1eb7t h\u00e0ng \u0111\u1ec1u \u0111\u01b0\u1ee3c t\u1ea1o ra m\u1ed9t c\u00e1ch chu \u0111\u00e1o \u0111\u1ec3 n\u00e2ng cao b\u1ed9 s\u01b0u t\u1eadp c\u1ee7a b\u1ea1n m\u00e0 kh\u00f4ng l\u00e0m \u1ea3nh h\u01b0\u1edfng \u0111\u1ebfn b\u1ea5t k\u1ef3 ai.<\/p>\n<\/div>\n\n\n\n<div id=\"wd-80fc735b\" class=\"wp-block-wd-column\">\n<h2 id=\"wd-5c96156f\" class=\"wp-block-wd-title title\">Tuy\u00ean b\u1ed1 mi\u1ec5n tr\u1eeb tr\u00e1ch nhi\u1ec7m<\/h2>\n\n\n\n<p id=\"wd-c6fc48d5\" class=\"wp-block-wd-paragraph\">Xin l\u01b0u \u00fd r\u1eb1ng\u00a0<strong>lafufu.th\u1eddi trang<\/strong>\u00a0kh\u00f4ng li\u00ean k\u1ebft v\u1edbi Pop Mart ho\u1eb7c th\u01b0\u01a1ng hi\u1ec7u Labubu ch\u00ednh th\u1ee9c. Ch\u00fang t\u00f4i ch\u1ec9 \u0111\u01a1n gi\u1ea3n l\u00e0 nh\u1eefng ng\u01b0\u1eddi h\u00e2m m\u1ed9 t\u1ea1o ra c\u00e1c ph\u1ee5 ki\u1ec7n g\u1ed1c cho nh\u1eefng ng\u01b0\u1eddi \u0111am m\u00ea kh\u00e1c. N\u1ebfu b\u1ea1n c\u00f3 b\u1ea5t k\u1ef3 lo ng\u1ea1i n\u00e0o v\u1ec1 vi ph\u1ea1m, vui l\u00f2ng li\u00ean h\u1ec7 v\u1edbi ch\u00fang t\u00f4i theo \u0111\u1ecba ch\u1ec9\u00a0<a href=\"mailto:labubufashion@hotmail.com\">labubufashion@hotmail.com<\/a>v\u00e0 ch\u00fang t\u00f4i s\u1ebd gi\u1ea3i quy\u1ebft ngay l\u1eadp t\u1ee9c.<\/p>\n\n\n\n<p>H\u00e3y c\u00f9ng ch\u00fang t\u00f4i ch\u00e0o m\u1eebng th\u1ebf gi\u1edbi b\u00fap b\u00ea mini \u0111\u00e1ng y\u00eau! Mua ngay v\u00e0 c\u00f9ng nhau di\u1ec7n \u0111\u1ed3 cho nh\u1eefng em b\u00fap b\u00ea d\u1ec5 th\u01b0\u01a1ng n\u00e0y nh\u00e9!<\/p>\n<\/div>\n<\/div>\n<\/div>\n\n\n\n<div id=\"wd-31bcbef8\" class=\"wp-block-wd-row\">\n<div id=\"wd-c60b3da1\" class=\"wp-block-wd-column\">\n<div id=\"wd-15d0e170\" class=\"wp-block-wd-image wd-block-image\"><img loading=\"lazy\" decoding=\"async\" width=\"1280\" height=\"1280\" class=\"wp-image-34245\" src=\"https:\/\/lafufu.fashion\/wp-content\/uploads\/2025\/05\/\u5fae\u4fe1\u56fe\u7247_20250528112127_63.jpg\" alt=\"\" srcset=\"https:\/\/lafufu.fashion\/wp-content\/uploads\/2025\/05\/\u5fae\u4fe1\u56fe\u7247_20250528112127_63.jpg 1280w, https:\/\/lafufu.fashion\/wp-content\/uploads\/2025\/05\/\u5fae\u4fe1\u56fe\u7247_20250528112127_63-430x430.jpg 430w, https:\/\/lafufu.fashion\/wp-content\/uploads\/2025\/05\/\u5fae\u4fe1\u56fe\u7247_20250528112127_63-150x150.jpg 150w, https:\/\/lafufu.fashion\/wp-content\/uploads\/2025\/05\/\u5fae\u4fe1\u56fe\u7247_20250528112127_63-700x700.jpg 700w, https:\/\/lafufu.fashion\/wp-content\/uploads\/2025\/05\/\u5fae\u4fe1\u56fe\u7247_20250528112127_63-300x300.jpg 300w, https:\/\/lafufu.fashion\/wp-content\/uploads\/2025\/05\/\u5fae\u4fe1\u56fe\u7247_20250528112127_63-800x800.jpg 800w, https:\/\/lafufu.fashion\/wp-content\/uploads\/2025\/05\/\u5fae\u4fe1\u56fe\u7247_20250528112127_63-768x768.jpg 768w\" sizes=\"auto, (max-width: 1280px) 100vw, 1280px\" \/><\/div>\n<\/div>\n\n\n\n<div id=\"wd-8a8a9800\" class=\"wp-block-wd-column\">\n<p id=\"wd-9b2e7492\" class=\"wp-block-wd-paragraph\">B\u00fap b\u00ea th\u1eddi trang Mini <\/p>\n\n\n\n<h2 id=\"wd-7e205a3c\" class=\"wp-block-wd-title title\">Gi\u1edbi thi\u1ec7u v\u1ec1 lafufu.fashion<\/h2>\n\n\n\n<p id=\"wd-09d10c79\" class=\"wp-block-wd-paragraph\">Ch\u00e0o m\u1eebng \u0111\u1ebfn v\u1edbi\u00a0<strong>lafufu.th\u1eddi trang<\/strong>, \u0111i\u1ec3m \u0111\u1ebfn l\u00fd t\u01b0\u1edfng c\u1ee7a b\u1ea1n \u0111\u1ec3 t\u00ecm Trang ph\u1ee5c, Ph\u1ee5 ki\u1ec7n v\u00e0 \u0110\u1ed3 d\u00f9ng th\u1eddi trang, \u0111\u01b0\u1ee3c thi\u1ebft k\u1ebf ri\u00eang cho b\u00fap b\u00ea mini! Ch\u00fang t\u00f4i l\u00e0 m\u1ed9t nh\u00f3m nh\u1eefng ng\u01b0\u1eddi h\u00e2m m\u1ed9 Labubu nhi\u1ec7t th\u00e0nh, gi\u1ed1ng nh\u01b0 b\u1ea1n, b\u1ecb \u00e1m \u1ea3nh b\u1edfi vi\u1ec7c mang \u0111\u1ebfn nhi\u1ec1u ni\u1ec1m vui v\u00e0 phong c\u00e1ch h\u01a1n cho t\u1ee7 qu\u1ea7n \u00e1o c\u1ee7a nh\u1eefng b\u00fap b\u00ea mini y\u00eau th\u00edch c\u1ee7a b\u1ea1n.<\/p>\n\n\n\n<p>S\u1ee9 m\u1ec7nh c\u1ee7a ch\u00fang t\u00f4i? L\u00e0m phong ph\u00fa t\u1ee7 \u0111\u1ed3 c\u1ee7a Labubu b\u1eb1ng nh\u1eefng thi\u1ebft k\u1ebf \u0111\u1ed9c \u0111\u00e1o, h\u1ee3p th\u1eddi trang mang l\u1ea1i ni\u1ec1m vui! T\u1eeb trang ph\u1ee5c sang tr\u1ecdng \u0111\u1ebfn ph\u1ee5 ki\u1ec7n k\u1ef3 qu\u1eb7c v\u00e0 \u0111\u1ed3 d\u00f9ng s\u00e1ng t\u1ea1o nh\u01b0 h\u1ed9p b\u1ea3o v\u1ec7 v\u00e0 gh\u1ebf mini, m\u1ecdi s\u1ea3n ph\u1ea9m \u0111\u1ec1u \u0111\u01b0\u1ee3c ch\u1ebf t\u00e1c b\u1eb1ng t\u00ecnh y\u00eau v\u00e0 s\u1ef1 ch\u0103m ch\u00fat. Ch\u00fang t\u00f4i t\u1eadp trung v\u00e0o nh\u1eefng s\u00e1ng t\u1ea1o \u0111\u1ed9c \u0111\u00e1o, ch\u1ea5t l\u01b0\u1ee3ng cao \u0111\u1ec3 gi\u00fap b\u00fap b\u00ea mini c\u1ee7a b\u1ea1n n\u1ed5i b\u1eadt.<\/p>\n\n\n\n<div id=\"wd-511e1e1f\" class=\"wp-block-wd-divider wd-style-line\"><\/div>\n\n\n\n<div id=\"wd-67b59ae8\" class=\"wp-block-wd-container wd-dir-row wd-align-is-lg-center\">\n<p id=\"wd-58fb9bf1\" class=\"wp-block-wd-paragraph\"><em><strong><a href=\"http:\/\/xtemos.com\/\">\u0110\u01b0\u1ee3c ph\u00e1t tri\u1ec3n b\u1edfi\u00a0<\/a>\u00a0<a href=\"https:\/\/lafufu.fashion\/vi\/ve-chung-toi-3\/\">lafufu.th\u1eddi trang @ 202<\/a><\/strong><\/em>5<\/p>\n\n\n\t\t\t<div id=\"wd-f71eaa25\" class=\"wd-social-icons wd-layout-justify wd-style-colored-alt wd-size-small social-share wd-shape-circle\">\n\t\t\t\t\n\t\t\t\t\n\t\t\t\t\t\t\t\t\t<a rel=\"noopener noreferrer nofollow\" href=\"https:\/\/www.facebook.com\/sharer\/sharer.php?u=https:\/\/lafufu.fashion\/vi\/ve-chung-toi-3\/\" target=\"_blank\" class=\"wd-social-icon social-facebook\" aria-label=\"Facebook social link\">\n\t\t\t\t\t\t<span class=\"wd-icon\"><\/span>\n\t\t\t\t\t\t\t\t\t\t\t<\/a>\n\t\t\t\t\n\t\t\t\t\n\t\t\t\t\n\t\t\t\t\t\t\t\t\t<a rel=\"noopener noreferrer nofollow\" href=\"mailto:?subject=Check%20this%20https:\/\/lafufu.fashion\/vi\/ve-chung-toi-3\/\" target=\"_blank\" class=\"wd-social-icon social-email\" aria-label=\"Email social link\">\n\t\t\t\t\t\t<span class=\"wd-icon\"><\/span>\n\t\t\t\t\t\t\t\t\t\t\t<\/a>\n\t\t\t\t\n\t\t\t\t\n\t\t\t\t\n\t\t\t\t\n\t\t\t\t\t\t\t\t\t<a rel=\"noopener noreferrer nofollow\" href=\"https:\/\/pinterest.com\/pin\/create\/button\/?url=https:\/\/lafufu.fashion\/vi\/ve-chung-toi-3\/&#038;media=https:\/\/lafufu.fashion\/wp-includes\/images\/media\/default.svg&#038;description=About+us\" target=\"_blank\" class=\"wd-social-icon social-pinterest\" aria-label=\"Pinterest social link\">\n\t\t\t\t\t\t<span class=\"wd-icon\"><\/span>\n\t\t\t\t\t\t\t\t\t\t\t<\/a>\n\t\t\t\t\n\t\t\t\t\n\t\t\t\t\n\t\t\t\t\n\t\t\t\t\n\t\t\t\t\n\t\t\t\t\n\t\t\t\t\n\t\t\t\t\n\t\t\t\t\n\t\t\t\t\n\t\t\t\t\n\t\t\t\t\t\t\t\t\t<a rel=\"noopener noreferrer nofollow\" href=\"https:\/\/api.whatsapp.com\/send?text=https%3A%2F%2Flafufu.fashion%2Fvi%2Fve-chung-toi-3%2F\" target=\"_blank\" class=\"wd-hide-md  wd-social-icon social-whatsapp\" aria-label=\"WhatsApp social link\">\n\t\t\t\t\t\t<span class=\"wd-icon\"><\/span>\n\t\t\t\t\t\t\t\t\t\t\t<\/a>\n\n\t\t\t\t\t<a rel=\"noopener noreferrer nofollow\" href=\"whatsapp:\/\/send?text=https%3A%2F%2Flafufu.fashion%2Fvi%2Fve-chung-toi-3%2F\" target=\"_blank\" class=\"wd-hide-lg  wd-social-icon social-whatsapp\" aria-label=\"WhatsApp social link\">\n\t\t\t\t\t\t<span class=\"wd-icon\"><\/span>\n\t\t\t\t\t\t\t\t\t\t\t<\/a>\n\t\t\t\t\n\t\t\t\t\n\t\t\t\t\n\t\t\t\t\n\t\t\t\t\n\t\t\t\t\n\t\t\t\t\n\t\t\t\t\n\t\t\t<\/div>\n\n\t\t<\/div>\n<\/div>\n<\/div>","protected":false},"excerpt":{"rendered":"","protected":false},"author":1,"featured_media":0,"parent":0,"menu_order":0,"comment_status":"closed","ping_status":"closed","template":"","meta":{"footnotes":""},"class_list":["post-5212","page","type-page","status-publish","hentry"],"yoast_head":"<!-- This site is optimized with the Yoast SEO Premium plugin v24.9 (Yoast SEO v27.4) - https:\/\/yoast.com\/product\/yoast-seo-premium-wordpress\/ -->\n<title>About us - Mini Doll Fashion | Outfits &amp; Gear at lafufu.fashion<\/title>\n<meta name=\"robots\" content=\"index, follow, max-snippet:-1, max-image-preview:large, max-video-preview:-1\" \/>\n<link rel=\"canonical\" href=\"https:\/\/lafufu.fashion\/vi\/ve-chung-toi-3\/\" \/>\n<meta property=\"og:locale\" content=\"vi_VN\" \/>\n<meta property=\"og:type\" content=\"article\" \/>\n<meta property=\"og:title\" content=\"About us\" \/>\n<meta property=\"og:url\" content=\"https:\/\/lafufu.fashion\/vi\/ve-chung-toi-3\/\" \/>\n<meta property=\"og:site_name\" content=\"Mini Doll Fashion | Outfits &amp; Gear at lafufu.fashion\" \/>\n<meta property=\"article:modified_time\" content=\"2025-05-28T13:21:03+00:00\" \/>\n<meta name=\"twitter:card\" content=\"summary_large_image\" \/>\n<meta name=\"twitter:label1\" content=\"\u01af\u1edbc t\u00ednh th\u1eddi gian \u0111\u1ecdc\" \/>\n\t<meta name=\"twitter:data1\" content=\"1 ph\u00fat\" \/>\n<script type=\"application\/ld+json\" class=\"yoast-schema-graph\">{\"@context\":\"https:\\\/\\\/schema.org\",\"@graph\":[{\"@type\":\"WebPage\",\"@id\":\"https:\\\/\\\/lafufu.fashion\\\/about-us-3\\\/\",\"url\":\"https:\\\/\\\/lafufu.fashion\\\/about-us-3\\\/\",\"name\":\"About us - Mini Doll Fashion | Outfits &amp; Gear at lafufu.fashion\",\"isPartOf\":{\"@id\":\"https:\\\/\\\/lafufu.fashion\\\/#website\"},\"datePublished\":\"2021-08-25T07:26:28+00:00\",\"dateModified\":\"2025-05-28T13:21:03+00:00\",\"breadcrumb\":{\"@id\":\"https:\\\/\\\/lafufu.fashion\\\/about-us-3\\\/#breadcrumb\"},\"inLanguage\":\"vi\",\"potentialAction\":[{\"@type\":\"ReadAction\",\"target\":[\"https:\\\/\\\/lafufu.fashion\\\/about-us-3\\\/\"]}]},{\"@type\":\"BreadcrumbList\",\"@id\":\"https:\\\/\\\/lafufu.fashion\\\/about-us-3\\\/#breadcrumb\",\"itemListElement\":[{\"@type\":\"ListItem\",\"position\":1,\"name\":\"Home\",\"item\":\"https:\\\/\\\/lafufu.fashion\\\/\"},{\"@type\":\"ListItem\",\"position\":2,\"name\":\"About us\"}]},{\"@type\":\"WebSite\",\"@id\":\"https:\\\/\\\/lafufu.fashion\\\/#website\",\"url\":\"https:\\\/\\\/lafufu.fashion\\\/\",\"name\":\"Mini Doll Fashion | Outfits &amp; Gear at lafufu.fashion\",\"description\":\"\",\"potentialAction\":[{\"@type\":\"SearchAction\",\"target\":{\"@type\":\"EntryPoint\",\"urlTemplate\":\"https:\\\/\\\/lafufu.fashion\\\/?s={search_term_string}\"},\"query-input\":{\"@type\":\"PropertyValueSpecification\",\"valueRequired\":true,\"valueName\":\"search_term_string\"}}],\"inLanguage\":\"vi\"}]}<\/script>\n<!-- \/ Yoast SEO Premium plugin. -->","yoast_head_json":{"title":"Gi\u1edbi thi\u1ec7u v\u1ec1 ch\u00fang t\u00f4i - Mini Doll Fashion | Trang ph\u1ee5c &amp; \u0110\u1ed3 d\u00f9ng t\u1ea1i lafufu.fashion","robots":{"index":"index","follow":"follow","max-snippet":"max-snippet:-1","max-image-preview":"max-image-preview:large","max-video-preview":"max-video-preview:-1"},"canonical":"https:\/\/lafufu.fashion\/vi\/ve-chung-toi-3\/","og_locale":"vi_VN","og_type":"article","og_title":"About us","og_url":"https:\/\/lafufu.fashion\/vi\/ve-chung-toi-3\/","og_site_name":"Mini Doll Fashion | Outfits &amp; Gear at lafufu.fashion","article_modified_time":"2025-05-28T13:21:03+00:00","twitter_card":"summary_large_image","twitter_misc":{"\u01af\u1edbc t\u00ednh th\u1eddi gian \u0111\u1ecdc":"1 ph\u00fat"},"schema":{"@context":"https:\/\/schema.org","@graph":[{"@type":"WebPage","@id":"https:\/\/lafufu.fashion\/about-us-3\/","url":"https:\/\/lafufu.fashion\/about-us-3\/","name":"Gi\u1edbi thi\u1ec7u v\u1ec1 ch\u00fang t\u00f4i - Mini Doll Fashion | Trang ph\u1ee5c &amp; \u0110\u1ed3 d\u00f9ng t\u1ea1i lafufu.fashion","isPartOf":{"@id":"https:\/\/lafufu.fashion\/#website"},"datePublished":"2021-08-25T07:26:28+00:00","dateModified":"2025-05-28T13:21:03+00:00","breadcrumb":{"@id":"https:\/\/lafufu.fashion\/about-us-3\/#breadcrumb"},"inLanguage":"vi","potentialAction":[{"@type":"ReadAction","target":["https:\/\/lafufu.fashion\/about-us-3\/"]}]},{"@type":"BreadcrumbList","@id":"https:\/\/lafufu.fashion\/about-us-3\/#breadcrumb","itemListElement":[{"@type":"ListItem","position":1,"name":"Home","item":"https:\/\/lafufu.fashion\/"},{"@type":"ListItem","position":2,"name":"About us"}]},{"@type":"WebSite","@id":"https:\/\/lafufu.fashion\/#website","url":"https:\/\/lafufu.fashion\/","name":"Th\u1eddi trang b\u00fap b\u00ea mini | Trang ph\u1ee5c &amp; \u0110\u1ed3 d\u00f9ng t\u1ea1i lafufu.fashion","description":"","potentialAction":[{"@type":"SearchAction","target":{"@type":"EntryPoint","urlTemplate":"https:\/\/lafufu.fashion\/?s={search_term_string}"},"query-input":{"@type":"PropertyValueSpecification","valueRequired":true,"valueName":"search_term_string"}}],"inLanguage":"vi"}]}},"_links":{"self":[{"href":"https:\/\/lafufu.fashion\/vi\/wp-json\/wp\/v2\/pages\/5212","targetHints":{"allow":["GET"]}}],"collection":[{"href":"https:\/\/lafufu.fashion\/vi\/wp-json\/wp\/v2\/pages"}],"about":[{"href":"https:\/\/lafufu.fashion\/vi\/wp-json\/wp\/v2\/types\/page"}],"author":[{"embeddable":true,"href":"https:\/\/lafufu.fashion\/vi\/wp-json\/wp\/v2\/users\/1"}],"replies":[{"embeddable":true,"href":"https:\/\/lafufu.fashion\/vi\/wp-json\/wp\/v2\/comments?post=5212"}],"version-history":[{"count":2,"href":"https:\/\/lafufu.fashion\/vi\/wp-json\/wp\/v2\/pages\/5212\/revisions"}],"predecessor-version":[{"id":34246,"href":"https:\/\/lafufu.fashion\/vi\/wp-json\/wp\/v2\/pages\/5212\/revisions\/34246"}],"wp:attachment":[{"href":"https:\/\/lafufu.fashion\/vi\/wp-json\/wp\/v2\/media?parent=5212"}],"curies":[{"name":"trang web","href":"https:\/\/api.w.org\/{rel}","templated":true}]}}