{"id":34425,"date":"2025-05-30T14:19:35","date_gmt":"2025-05-30T14:19:35","guid":{"rendered":"https:\/\/lafufu.fashion\/product\/only-clothes-for-sale-17cm-blind-pendant-box-labubu-doll-clothes-keychain-labubu-doll-printed-sweatshirt-set\/"},"modified":"2026-03-08T23:56:16","modified_gmt":"2026-03-08T23:56:16","slug":"set-de-hanorace-cu-imprimeu-labubu","status":"publish","type":"product","link":"https:\/\/lafufu.fashion\/ro\/product\/set-de-hanorace-cu-imprimeu-labubu\/","title":{"rendered":"Set cutie pandantiv orb 17cm + hanorac imprimat Labubu"},"content":{"rendered":"<style id=\"wd-style-blocks-34342-css\" data-type=\"wd-style-blocks-34342\">\n\t\t\t\t#wd-1a09ca14{font-size: 18px;padding-bottom: 10px;}#wd-021da369{--wd-img-width: 120px;--wd-width: 120px;}#wd-c4f66cfc{padding-bottom: 20px;--wd-width: fit-content;}#wd-ee05eb34{--wd-row-gap: 0px;}#wd-d14c21f8{font-size: 18px;}#wd-576c8b5d{--wd-row-gap: 20px;}@media (min-width: 769px) and (max-width: 1024px) {#wd-ee05eb34{flex: 0 1 calc(100% - var(--wd-col-gap) * 0 \/ 1 );}#wd-576c8b5d{flex: 0 1 calc(50% - var(--wd-col-gap) * 1 \/ 2 );}}@media (max-width: 768.98px) {:root #wd-ee05eb34{flex: 0 1 calc(100% - var(--wd-col-gap) * 0 \/ 1 );}:root #wd-576c8b5d{flex: 0 1 calc(100% - var(--wd-col-gap) * 0 \/ 1 );}}\t\t\t<\/style>\n\t\t\t\n<div id=\"wd-fe532add\" class=\"wp-block-wd-row\">\n<div id=\"wd-ee05eb34\" class=\"wp-block-wd-column\">\n<h2 id=\"wd-1a09ca14\" class=\"wp-block-wd-title title\"><strong>Lafufu.fashion<\/strong><\/h2>\n\n\n\n<div id=\"wd-021da369\" class=\"wp-block-wd-image wd-block-image wd-custom-width\"><img loading=\"lazy\" decoding=\"async\" width=\"512\" height=\"512\" class=\"wp-image-34262\" src=\"https:\/\/lafufu.fashion\/wp-content\/uploads\/2025\/05\/cropped-LOGO.webp\" alt=\"Cump\u0103r\u0103 de pe lafufu.fashion \u021binute, accesorii \u0219i echipamente \u0219ic pentru p\u0103pu\u0219i mini. Bucur\u0103-te de livrare gratuit\u0103 la nivel global \u0219i modele unice!\" srcset=\"https:\/\/lafufu.fashion\/wp-content\/uploads\/2025\/05\/cropped-LOGO.webp 512w, https:\/\/lafufu.fashion\/wp-content\/uploads\/2025\/05\/cropped-LOGO-300x300.webp 300w, https:\/\/lafufu.fashion\/wp-content\/uploads\/2025\/05\/cropped-LOGO-150x150.webp 150w, https:\/\/lafufu.fashion\/wp-content\/uploads\/2025\/05\/cropped-LOGO-430x430.webp 430w, https:\/\/lafufu.fashion\/wp-content\/uploads\/2025\/05\/cropped-LOGO-270x270.webp 270w, https:\/\/lafufu.fashion\/wp-content\/uploads\/2025\/05\/cropped-LOGO-192x192.webp 192w, https:\/\/lafufu.fashion\/wp-content\/uploads\/2025\/05\/cropped-LOGO-180x180.webp 180w, https:\/\/lafufu.fashion\/wp-content\/uploads\/2025\/05\/cropped-LOGO-32x32.webp 32w\" sizes=\"auto, (max-width: 512px) 100vw, 512px\" \/><\/div>\n\n\n\n<p id=\"wd-c4f66cfc\" class=\"wp-block-wd-paragraph wd-custom-width\">Ne concentr\u0103m pe v\u00e2nzarea produselor periferice ale companiei Labubu. Oferim calitate \u00eenalt\u0103, pre\u021buri accesibile \u0219i servicii mai bune.<\/p>\n<\/div>\n\n\n\n<div id=\"wd-576c8b5d\" class=\"wp-block-wd-column\">\n<h2 id=\"wd-d14c21f8\" class=\"wp-block-wd-title title\"><strong>Caracteristic\u0103<\/strong><\/h2>\n\n\n\n<p id=\"wd-ad3d91c0\" class=\"wp-block-wd-paragraph\">Potrivire perfect\u0103: Adaptat\u0103 pentru p\u0103pu\u0219i mini precum Labubu \u0219i obiecte de colec\u021bie similare.<br>Utilizare versatil\u0103: Ideal pentru colec\u021bionari, stili\u0219ti sau fani care doresc s\u0103 \u00eembun\u0103t\u0103\u021beasc\u0103 atmosfera p\u0103pu\u0219ii lor.<br>Bucur\u0103-te de livrare gratuit\u0103 \u00een \u00eentreaga lume pentru toate comenzile! Cump\u0103r\u0103 acum de pe lafufu.fashion \u0219i f\u0103-\u021bi p\u0103pu\u0219a mini s\u0103 str\u0103luceasc\u0103.<\/p>\n<\/div>\n<\/div>","protected":false},"excerpt":{"rendered":"<p>Adaug\u0103 o not\u0103 modern\u0103 garderobei p\u0103pu\u0219ii tale mini cu acest set de cutie cu pandantiv jaluz\u0103tor de 17 cm \u0219i hanorac imprimat Labubu! Acest set include un hanorac confortabil, imprimat, confec\u021bionat dintr-un material moale, perfect pentru p\u0103pu\u0219i de 3-5 inch. Cutia cu pandantiv jaluz\u0103tor adaug\u0103 un element surpriz\u0103, f\u0103c\u00e2nd-o un must-have pentru colec\u021bionari. Cump\u0103r\u0103 acum de pe lafufu.fashion cu livrare gratuit\u0103 \u00een \u00eentreaga lume!<\/p>","protected":false},"featured_media":34426,"comment_status":"open","ping_status":"closed","template":"","meta":[],"product_brand":[],"product_cat":[27],"product_tag":[],"class_list":{"0":"post-34425","1":"product","2":"type-product","3":"status-publish","4":"has-post-thumbnail","6":"product_cat-outfits","8":"first","9":"instock","10":"featured","11":"shipping-taxable","12":"purchasable","13":"product-type-variable"},"yoast_head":"<!-- This site is optimized with the Yoast SEO Premium plugin v24.9 (Yoast SEO v27.4) - https:\/\/yoast.com\/product\/yoast-seo-premium-wordpress\/ -->\n<title>17cm Blind Pendant Box + Labubu Printed Sweatshirt Set - Mini Doll Fashion | Outfits &amp; Gear at lafufu.fashion<\/title>\n<meta name=\"description\" content=\"Shop the Labubu Printed Sweatshirt Set at lafufu.fashion. This cozy 17cm blind pendant box outfit for mini dolls offers a stylish surprise. Free worldwide shipping!\" \/>\n<meta name=\"robots\" content=\"index, follow, max-snippet:-1, max-image-preview:large, max-video-preview:-1\" \/>\n<link rel=\"canonical\" href=\"https:\/\/lafufu.fashion\/ro\/product\/set-de-hanorace-cu-imprimeu-labubu\/\" \/>\n<meta property=\"og:locale\" content=\"ro_RO\" \/>\n<meta property=\"og:type\" content=\"article\" \/>\n<meta property=\"og:title\" content=\"17cm Blind Pendant Box + Labubu Printed Sweatshirt Set\" \/>\n<meta property=\"og:description\" content=\"Shop the Labubu Printed Sweatshirt Set at lafufu.fashion. This cozy 17cm blind pendant box outfit for mini dolls offers a stylish surprise. Free worldwide shipping!\" \/>\n<meta property=\"og:url\" content=\"https:\/\/lafufu.fashion\/ro\/product\/set-de-hanorace-cu-imprimeu-labubu\/\" \/>\n<meta property=\"og:site_name\" content=\"Mini Doll Fashion | Outfits &amp; Gear at lafufu.fashion\" \/>\n<meta property=\"article:modified_time\" content=\"2026-03-08T23:56:16+00:00\" \/>\n<meta property=\"og:image\" content=\"https:\/\/lafufu.fashion\/wp-content\/uploads\/2025\/05\/O1CN01uTOpuh25UL19DGVDi_2214083907529-0-cib-1.jpg\" \/>\n\t<meta property=\"og:image:width\" content=\"800\" \/>\n\t<meta property=\"og:image:height\" content=\"800\" \/>\n\t<meta property=\"og:image:type\" content=\"image\/jpeg\" \/>\n<meta name=\"twitter:card\" content=\"summary_large_image\" \/>\n<meta name=\"twitter:label1\" content=\"Timp estimat pentru citire\" \/>\n\t<meta name=\"twitter:data1\" content=\"1 minut\" \/>\n<script type=\"application\/ld+json\" class=\"yoast-schema-graph\">{\"@context\":\"https:\\\/\\\/schema.org\",\"@graph\":[{\"@type\":\"WebPage\",\"@id\":\"https:\\\/\\\/lafufu.fashion\\\/product\\\/labubu-printed-sweatshirt-set\\\/\",\"url\":\"https:\\\/\\\/lafufu.fashion\\\/product\\\/labubu-printed-sweatshirt-set\\\/\",\"name\":\"17cm Blind Pendant Box + Labubu Printed Sweatshirt Set - Mini Doll Fashion | Outfits &amp; Gear at lafufu.fashion\",\"isPartOf\":{\"@id\":\"https:\\\/\\\/lafufu.fashion\\\/#website\"},\"primaryImageOfPage\":{\"@id\":\"https:\\\/\\\/lafufu.fashion\\\/product\\\/labubu-printed-sweatshirt-set\\\/#primaryimage\"},\"image\":{\"@id\":\"https:\\\/\\\/lafufu.fashion\\\/product\\\/labubu-printed-sweatshirt-set\\\/#primaryimage\"},\"thumbnailUrl\":\"https:\\\/\\\/lafufu.fashion\\\/wp-content\\\/uploads\\\/2025\\\/05\\\/O1CN01uTOpuh25UL19DGVDi_2214083907529-0-cib-1.jpg\",\"datePublished\":\"2025-05-30T14:19:35+00:00\",\"dateModified\":\"2026-03-08T23:56:16+00:00\",\"description\":\"Shop the Labubu Printed Sweatshirt Set at lafufu.fashion. This cozy 17cm blind pendant box outfit for mini dolls offers a stylish surprise. Free worldwide shipping!\",\"breadcrumb\":{\"@id\":\"https:\\\/\\\/lafufu.fashion\\\/product\\\/labubu-printed-sweatshirt-set\\\/#breadcrumb\"},\"inLanguage\":\"ro-RO\",\"potentialAction\":[{\"@type\":\"ReadAction\",\"target\":[\"https:\\\/\\\/lafufu.fashion\\\/product\\\/labubu-printed-sweatshirt-set\\\/\"]}]},{\"@type\":\"ImageObject\",\"inLanguage\":\"ro-RO\",\"@id\":\"https:\\\/\\\/lafufu.fashion\\\/product\\\/labubu-printed-sweatshirt-set\\\/#primaryimage\",\"url\":\"https:\\\/\\\/lafufu.fashion\\\/wp-content\\\/uploads\\\/2025\\\/05\\\/O1CN01uTOpuh25UL19DGVDi_2214083907529-0-cib-1.jpg\",\"contentUrl\":\"https:\\\/\\\/lafufu.fashion\\\/wp-content\\\/uploads\\\/2025\\\/05\\\/O1CN01uTOpuh25UL19DGVDi_2214083907529-0-cib-1.jpg\",\"width\":800,\"height\":800},{\"@type\":\"BreadcrumbList\",\"@id\":\"https:\\\/\\\/lafufu.fashion\\\/product\\\/labubu-printed-sweatshirt-set\\\/#breadcrumb\",\"itemListElement\":[{\"@type\":\"ListItem\",\"position\":1,\"name\":\"Home\",\"item\":\"https:\\\/\\\/lafufu.fashion\\\/\"},{\"@type\":\"ListItem\",\"position\":2,\"name\":\"Shop\",\"item\":\"https:\\\/\\\/lafufu.fashion\\\/shop\\\/\"},{\"@type\":\"ListItem\",\"position\":3,\"name\":\"17cm Blind Pendant Box + Labubu Printed Sweatshirt Set\"}]},{\"@type\":\"WebSite\",\"@id\":\"https:\\\/\\\/lafufu.fashion\\\/#website\",\"url\":\"https:\\\/\\\/lafufu.fashion\\\/\",\"name\":\"Mini Doll Fashion | Outfits &amp; Gear at lafufu.fashion\",\"description\":\"\",\"potentialAction\":[{\"@type\":\"SearchAction\",\"target\":{\"@type\":\"EntryPoint\",\"urlTemplate\":\"https:\\\/\\\/lafufu.fashion\\\/?s={search_term_string}\"},\"query-input\":{\"@type\":\"PropertyValueSpecification\",\"valueRequired\":true,\"valueName\":\"search_term_string\"}}],\"inLanguage\":\"ro-RO\"}]}<\/script>\n<!-- \/ Yoast SEO Premium plugin. -->","yoast_head_json":{"title":"Set cutie cu pandantiv orb de 17 cm + hanorac cu imprimeu Labubu - Mod\u0103 pentru p\u0103pu\u0219i mini | \u021ainute \u0219i accesorii la lafufu.fashion","description":"Cump\u0103r\u0103 setul de hanorace cu imprimeu Labubu de pe lafufu.fashion. Aceast\u0103 \u021binut\u0103 confortabil\u0103 cu pandantiv orb de 17 cm pentru p\u0103pu\u0219i mini ofer\u0103 o surpriz\u0103 elegant\u0103. Livrare gratuit\u0103 \u00een \u00eentreaga lume!","robots":{"index":"index","follow":"follow","max-snippet":"max-snippet:-1","max-image-preview":"max-image-preview:large","max-video-preview":"max-video-preview:-1"},"canonical":"https:\/\/lafufu.fashion\/ro\/product\/set-de-hanorace-cu-imprimeu-labubu\/","og_locale":"ro_RO","og_type":"article","og_title":"17cm Blind Pendant Box + Labubu Printed Sweatshirt Set","og_description":"Shop the Labubu Printed Sweatshirt Set at lafufu.fashion. This cozy 17cm blind pendant box outfit for mini dolls offers a stylish surprise. Free worldwide shipping!","og_url":"https:\/\/lafufu.fashion\/ro\/product\/set-de-hanorace-cu-imprimeu-labubu\/","og_site_name":"Mini Doll Fashion | Outfits &amp; Gear at lafufu.fashion","article_modified_time":"2026-03-08T23:56:16+00:00","og_image":[{"width":800,"height":800,"url":"https:\/\/lafufu.fashion\/wp-content\/uploads\/2025\/05\/O1CN01uTOpuh25UL19DGVDi_2214083907529-0-cib-1.jpg","type":"image\/jpeg"}],"twitter_card":"summary_large_image","twitter_misc":{"Timp estimat pentru citire":"1 minut"},"schema":{"@context":"https:\/\/schema.org","@graph":[{"@type":"WebPage","@id":"https:\/\/lafufu.fashion\/product\/labubu-printed-sweatshirt-set\/","url":"https:\/\/lafufu.fashion\/product\/labubu-printed-sweatshirt-set\/","name":"Set cutie cu pandantiv orb de 17 cm + hanorac cu imprimeu Labubu - Mod\u0103 pentru p\u0103pu\u0219i mini | \u021ainute \u0219i accesorii la lafufu.fashion","isPartOf":{"@id":"https:\/\/lafufu.fashion\/#website"},"primaryImageOfPage":{"@id":"https:\/\/lafufu.fashion\/product\/labubu-printed-sweatshirt-set\/#primaryimage"},"image":{"@id":"https:\/\/lafufu.fashion\/product\/labubu-printed-sweatshirt-set\/#primaryimage"},"thumbnailUrl":"https:\/\/lafufu.fashion\/wp-content\/uploads\/2025\/05\/O1CN01uTOpuh25UL19DGVDi_2214083907529-0-cib-1.jpg","datePublished":"2025-05-30T14:19:35+00:00","dateModified":"2026-03-08T23:56:16+00:00","description":"Cump\u0103r\u0103 setul de hanorace cu imprimeu Labubu de pe lafufu.fashion. Aceast\u0103 \u021binut\u0103 confortabil\u0103 cu pandantiv orb de 17 cm pentru p\u0103pu\u0219i mini ofer\u0103 o surpriz\u0103 elegant\u0103. Livrare gratuit\u0103 \u00een \u00eentreaga lume!","breadcrumb":{"@id":"https:\/\/lafufu.fashion\/product\/labubu-printed-sweatshirt-set\/#breadcrumb"},"inLanguage":"ro-RO","potentialAction":[{"@type":"ReadAction","target":["https:\/\/lafufu.fashion\/product\/labubu-printed-sweatshirt-set\/"]}]},{"@type":"ImageObject","inLanguage":"ro-RO","@id":"https:\/\/lafufu.fashion\/product\/labubu-printed-sweatshirt-set\/#primaryimage","url":"https:\/\/lafufu.fashion\/wp-content\/uploads\/2025\/05\/O1CN01uTOpuh25UL19DGVDi_2214083907529-0-cib-1.jpg","contentUrl":"https:\/\/lafufu.fashion\/wp-content\/uploads\/2025\/05\/O1CN01uTOpuh25UL19DGVDi_2214083907529-0-cib-1.jpg","width":800,"height":800},{"@type":"BreadcrumbList","@id":"https:\/\/lafufu.fashion\/product\/labubu-printed-sweatshirt-set\/#breadcrumb","itemListElement":[{"@type":"ListItem","position":1,"name":"Home","item":"https:\/\/lafufu.fashion\/"},{"@type":"ListItem","position":2,"name":"Shop","item":"https:\/\/lafufu.fashion\/shop\/"},{"@type":"ListItem","position":3,"name":"17cm Blind Pendant Box + Labubu Printed Sweatshirt Set"}]},{"@type":"WebSite","@id":"https:\/\/lafufu.fashion\/#website","url":"https:\/\/lafufu.fashion\/","name":"Mod\u0103 pentru p\u0103pu\u0219i mini | \u021ainute \u0219i echipamente la lafufu.fashion","description":"","potentialAction":[{"@type":"SearchAction","target":{"@type":"EntryPoint","urlTemplate":"https:\/\/lafufu.fashion\/?s={search_term_string}"},"query-input":{"@type":"PropertyValueSpecification","valueRequired":true,"valueName":"search_term_string"}}],"inLanguage":"ro-RO"}]}},"_links":{"self":[{"href":"https:\/\/lafufu.fashion\/ro\/wp-json\/wp\/v2\/product\/34425","targetHints":{"allow":["GET"]}}],"collection":[{"href":"https:\/\/lafufu.fashion\/ro\/wp-json\/wp\/v2\/product"}],"about":[{"href":"https:\/\/lafufu.fashion\/ro\/wp-json\/wp\/v2\/types\/product"}],"replies":[{"embeddable":true,"href":"https:\/\/lafufu.fashion\/ro\/wp-json\/wp\/v2\/comments?post=34425"}],"wp:featuredmedia":[{"embeddable":true,"href":"https:\/\/lafufu.fashion\/ro\/wp-json\/wp\/v2\/media\/34426"}],"wp:attachment":[{"href":"https:\/\/lafufu.fashion\/ro\/wp-json\/wp\/v2\/media?parent=34425"}],"wp:term":[{"taxonomy":"product_brand","embeddable":true,"href":"https:\/\/lafufu.fashion\/ro\/wp-json\/wp\/v2\/product_brand?post=34425"},{"taxonomy":"product_cat","embeddable":true,"href":"https:\/\/lafufu.fashion\/ro\/wp-json\/wp\/v2\/product_cat?post=34425"},{"taxonomy":"product_tag","embeddable":true,"href":"https:\/\/lafufu.fashion\/ro\/wp-json\/wp\/v2\/product_tag?post=34425"}],"curies":[{"name":"wp","href":"https:\/\/api.w.org\/{rel}","templated":true}]}}