{"id":5288,"date":"2021-08-25T09:00:10","date_gmt":"2021-08-25T09:00:10","guid":{"rendered":"http:\/\/dummy.xtemos.com\/woodmart2\/?page_id=5288"},"modified":"2025-05-29T14:40:05","modified_gmt":"2025-05-29T14:40:05","slug":"contactati-ne","status":"publish","type":"page","link":"https:\/\/lafufu.fashion\/ro\/contactati-ne\/","title":{"rendered":"Contacta\u0163i-ne"},"content":{"rendered":"<div id=\"wd-a4d03781\" class=\"wp-block-wd-row\">\n<div id=\"wd-026b0d96\" class=\"wp-block-wd-column\">\n<h2 id=\"wd-24d4c875\" class=\"wp-block-wd-title title\">Serviciul lafufu.fashion<\/h2>\n\n\n\n<p id=\"wd-8f785582\" class=\"wp-block-wd-paragraph wd-custom-width\">Ave\u021bi \u00eentreb\u0103ri despre \u021binutele, accesoriile sau echipamentele noastre personalizate pentru p\u0103pu\u0219ile voastre mini? Suntem aici pentru a v\u0103 ajuta! \u00cen calitate de fani ai p\u0103pu\u0219ilor mini, ne place s\u0103 auzim de la voi - fie c\u0103 este vorba de sfaturi de stil, actualiz\u0103ri ale comenzilor sau pur \u0219i simplu de \u00eemp\u0103rt\u0103\u0219irea pasiunii noastre pentru obiectele de colec\u021bie adorabile.<br><\/p>\n\n\n\n<p id=\"wd-c8f7cf2b\" class=\"wp-block-wd-paragraph\"><strong>lafufu.fashion<\/strong>\u00a0nu este afiliat cu Pop Mart sau cu marca oficial\u0103 Labubu. Suntem fani pasiona\u021bi care creeaz\u0103 accesorii originale pentru p\u0103pu\u0219i mini. Pentru orice nel\u0103murire cu privire la \u00eenc\u0103lcarea drepturilor de autor, v\u0103 rug\u0103m s\u0103 ne contacta\u021bi la\u00a0<a href=\"mailto:labubufashion@hotmail.com\">lafufufashion@hotmail.com<\/a>, \u0219i le vom aborda prompt.<\/p>\n\n\n\n<p>Hai s\u0103 continu\u0103m distrac\u021bia cu mini-p\u0103pu\u0219a! Contacteaz\u0103-ne ast\u0103zi!<\/p>\n<\/div>\n\n\n\n<div id=\"wd-8da85e64\" class=\"wp-block-wd-column\">\n<p id=\"wd-61bf7b28\" class=\"wp-block-wd-paragraph\"><strong>Program de lucru: Luni \u2013 Vineri<\/strong> 09:00 &#8211; 17:00<\/p>\n\n\n\n<p id=\"wd-6fd19892\" class=\"wp-block-wd-paragraph\"><strong>E-mail: lafufufashion@hotmail.com<\/strong><\/p>\n<\/div>\n<\/div>\n\n\n\n<div id=\"wd-b0e787c5\" class=\"wp-block-wd-section\">\n<div id=\"wd-37637190\" class=\"wp-block-wd-gallery wd-carousel-container wd-caption-mask\" style=\"\"><div class=\"wd-carousel-inner\"><div class=\"wd-carousel wd-grid\" style=\"--wd-col-lg:3;--wd-col-md:2;--wd-col-sm:1;--wd-gap-lg:20px;--wd-gap-sm:10px;\" data-scroll_per_page=\"yes\"><div class=\"wd-carousel-wrap\">\n<div id=\"wd-c488ace4\" class=\"wp-block-wd-gallery-item wd-carousel-item photoswipe-images\"><div class=\"wd-block-image\"><a href=\"https:\/\/lafufu.fashion\/wp-content\/uploads\/2025\/05\/\u5fae\u4fe1\u56fe\u7247_20250528112126_86.jpg\" data-width=\"1280\" data-height=\"1280\" data-elementor-open-lightbox=\"no\"><img loading=\"lazy\" decoding=\"async\" width=\"1280\" height=\"1280\" class=\"wp-image-34257\" src=\"https:\/\/lafufu.fashion\/wp-content\/uploads\/2025\/05\/\u5fae\u4fe1\u56fe\u7247_20250528112126_86.jpg\" alt=\"\" srcset=\"https:\/\/lafufu.fashion\/wp-content\/uploads\/2025\/05\/\u5fae\u4fe1\u56fe\u7247_20250528112126_86.jpg 1280w, https:\/\/lafufu.fashion\/wp-content\/uploads\/2025\/05\/\u5fae\u4fe1\u56fe\u7247_20250528112126_86-430x430.jpg 430w, https:\/\/lafufu.fashion\/wp-content\/uploads\/2025\/05\/\u5fae\u4fe1\u56fe\u7247_20250528112126_86-150x150.jpg 150w, https:\/\/lafufu.fashion\/wp-content\/uploads\/2025\/05\/\u5fae\u4fe1\u56fe\u7247_20250528112126_86-700x700.jpg 700w, https:\/\/lafufu.fashion\/wp-content\/uploads\/2025\/05\/\u5fae\u4fe1\u56fe\u7247_20250528112126_86-300x300.jpg 300w, https:\/\/lafufu.fashion\/wp-content\/uploads\/2025\/05\/\u5fae\u4fe1\u56fe\u7247_20250528112126_86-800x800.jpg 800w, https:\/\/lafufu.fashion\/wp-content\/uploads\/2025\/05\/\u5fae\u4fe1\u56fe\u7247_20250528112126_86-768x768.jpg 768w\" sizes=\"auto, (max-width: 1280px) 100vw, 1280px\" \/><\/a><\/div><\/div>\n\n\n\n<div id=\"wd-5e67530e\" class=\"wp-block-wd-gallery-item wd-carousel-item photoswipe-images\"><div class=\"wd-block-image\"><a href=\"https:\/\/lafufu.fashion\/wp-content\/uploads\/2025\/05\/\u5fae\u4fe1\u56fe\u7247_20250528112126_89.jpg\" data-width=\"1194\" data-height=\"1002\" data-elementor-open-lightbox=\"no\"><img loading=\"lazy\" decoding=\"async\" width=\"1194\" height=\"1002\" class=\"wp-image-34258\" src=\"https:\/\/lafufu.fashion\/wp-content\/uploads\/2025\/05\/\u5fae\u4fe1\u56fe\u7247_20250528112126_89.jpg\" alt=\"\" srcset=\"https:\/\/lafufu.fashion\/wp-content\/uploads\/2025\/05\/\u5fae\u4fe1\u56fe\u7247_20250528112126_89.jpg 1194w, https:\/\/lafufu.fashion\/wp-content\/uploads\/2025\/05\/\u5fae\u4fe1\u56fe\u7247_20250528112126_89-430x361.jpg 430w, https:\/\/lafufu.fashion\/wp-content\/uploads\/2025\/05\/\u5fae\u4fe1\u56fe\u7247_20250528112126_89-150x126.jpg 150w, https:\/\/lafufu.fashion\/wp-content\/uploads\/2025\/05\/\u5fae\u4fe1\u56fe\u7247_20250528112126_89-700x587.jpg 700w, https:\/\/lafufu.fashion\/wp-content\/uploads\/2025\/05\/\u5fae\u4fe1\u56fe\u7247_20250528112126_89-357x300.jpg 357w, https:\/\/lafufu.fashion\/wp-content\/uploads\/2025\/05\/\u5fae\u4fe1\u56fe\u7247_20250528112126_89-953x800.jpg 953w, https:\/\/lafufu.fashion\/wp-content\/uploads\/2025\/05\/\u5fae\u4fe1\u56fe\u7247_20250528112126_89-768x645.jpg 768w\" sizes=\"auto, (max-width: 1194px) 100vw, 1194px\" \/><\/a><\/div><\/div>\n\n\n\n<div id=\"wd-880a8650\" class=\"wp-block-wd-gallery-item wd-carousel-item photoswipe-images\"><div class=\"wd-block-image\"><a href=\"https:\/\/lafufu.fashion\/wp-content\/uploads\/2025\/05\/\u5fae\u4fe1\u56fe\u7247_20250528112127_61.jpg\" data-width=\"1280\" data-height=\"1280\" data-elementor-open-lightbox=\"no\"><img loading=\"lazy\" decoding=\"async\" width=\"1280\" height=\"1280\" class=\"wp-image-34259\" src=\"https:\/\/lafufu.fashion\/wp-content\/uploads\/2025\/05\/\u5fae\u4fe1\u56fe\u7247_20250528112127_61.jpg\" alt=\"\" srcset=\"https:\/\/lafufu.fashion\/wp-content\/uploads\/2025\/05\/\u5fae\u4fe1\u56fe\u7247_20250528112127_61.jpg 1280w, https:\/\/lafufu.fashion\/wp-content\/uploads\/2025\/05\/\u5fae\u4fe1\u56fe\u7247_20250528112127_61-430x430.jpg 430w, https:\/\/lafufu.fashion\/wp-content\/uploads\/2025\/05\/\u5fae\u4fe1\u56fe\u7247_20250528112127_61-150x150.jpg 150w, https:\/\/lafufu.fashion\/wp-content\/uploads\/2025\/05\/\u5fae\u4fe1\u56fe\u7247_20250528112127_61-700x700.jpg 700w, https:\/\/lafufu.fashion\/wp-content\/uploads\/2025\/05\/\u5fae\u4fe1\u56fe\u7247_20250528112127_61-300x300.jpg 300w, https:\/\/lafufu.fashion\/wp-content\/uploads\/2025\/05\/\u5fae\u4fe1\u56fe\u7247_20250528112127_61-800x800.jpg 800w, https:\/\/lafufu.fashion\/wp-content\/uploads\/2025\/05\/\u5fae\u4fe1\u56fe\u7247_20250528112127_61-768x768.jpg 768w\" sizes=\"auto, (max-width: 1280px) 100vw, 1280px\" \/><\/a><\/div><\/div>\n<\/div><\/div><div class=\"wd-nav-arrows wd-pos-sep wd-hover-1 wd-icon-1\"><div class=\"wd-btn-arrow wd-prev\"><div class=\"wd-arrow-inner\"><\/div><\/div><div class=\"wd-btn-arrow wd-next\"><div class=\"wd-arrow-inner\"><\/div><\/div><\/div><\/div><\/div>\n<\/div>","protected":false},"excerpt":{"rendered":"","protected":false},"author":1,"featured_media":0,"parent":0,"menu_order":0,"comment_status":"closed","ping_status":"closed","template":"","meta":{"footnotes":""},"class_list":["post-5288","page","type-page","status-publish","hentry"],"yoast_head":"<!-- This site is optimized with the Yoast SEO Premium plugin v24.9 (Yoast SEO v27.4) - https:\/\/yoast.com\/product\/yoast-seo-premium-wordpress\/ -->\n<title>Contact us - Mini Doll Fashion | Outfits &amp; Gear at lafufu.fashion<\/title>\n<meta name=\"robots\" content=\"index, follow, max-snippet:-1, max-image-preview:large, max-video-preview:-1\" \/>\n<link rel=\"canonical\" href=\"https:\/\/lafufu.fashion\/ro\/contactati-ne\/\" \/>\n<meta property=\"og:locale\" content=\"ro_RO\" \/>\n<meta property=\"og:type\" content=\"article\" \/>\n<meta property=\"og:title\" content=\"Contact us\" \/>\n<meta property=\"og:url\" content=\"https:\/\/lafufu.fashion\/ro\/contactati-ne\/\" \/>\n<meta property=\"og:site_name\" content=\"Mini Doll Fashion | Outfits &amp; Gear at lafufu.fashion\" \/>\n<meta property=\"article:modified_time\" content=\"2025-05-29T14:40:05+00:00\" \/>\n<meta name=\"twitter:card\" content=\"summary_large_image\" \/>\n<meta name=\"twitter:label1\" content=\"Timp estimat pentru citire\" \/>\n\t<meta name=\"twitter:data1\" content=\"2 minute\" \/>\n<script type=\"application\/ld+json\" class=\"yoast-schema-graph\">{\"@context\":\"https:\\\/\\\/schema.org\",\"@graph\":[{\"@type\":\"WebPage\",\"@id\":\"https:\\\/\\\/lafufu.fashion\\\/contact-us\\\/\",\"url\":\"https:\\\/\\\/lafufu.fashion\\\/contact-us\\\/\",\"name\":\"Contact us - Mini Doll Fashion | Outfits &amp; Gear at lafufu.fashion\",\"isPartOf\":{\"@id\":\"https:\\\/\\\/lafufu.fashion\\\/#website\"},\"datePublished\":\"2021-08-25T09:00:10+00:00\",\"dateModified\":\"2025-05-29T14:40:05+00:00\",\"breadcrumb\":{\"@id\":\"https:\\\/\\\/lafufu.fashion\\\/contact-us\\\/#breadcrumb\"},\"inLanguage\":\"ro-RO\",\"potentialAction\":[{\"@type\":\"ReadAction\",\"target\":[\"https:\\\/\\\/lafufu.fashion\\\/contact-us\\\/\"]}]},{\"@type\":\"BreadcrumbList\",\"@id\":\"https:\\\/\\\/lafufu.fashion\\\/contact-us\\\/#breadcrumb\",\"itemListElement\":[{\"@type\":\"ListItem\",\"position\":1,\"name\":\"Home\",\"item\":\"https:\\\/\\\/lafufu.fashion\\\/\"},{\"@type\":\"ListItem\",\"position\":2,\"name\":\"Contact us\"}]},{\"@type\":\"WebSite\",\"@id\":\"https:\\\/\\\/lafufu.fashion\\\/#website\",\"url\":\"https:\\\/\\\/lafufu.fashion\\\/\",\"name\":\"Mini Doll Fashion | Outfits &amp; Gear at lafufu.fashion\",\"description\":\"\",\"potentialAction\":[{\"@type\":\"SearchAction\",\"target\":{\"@type\":\"EntryPoint\",\"urlTemplate\":\"https:\\\/\\\/lafufu.fashion\\\/?s={search_term_string}\"},\"query-input\":{\"@type\":\"PropertyValueSpecification\",\"valueRequired\":true,\"valueName\":\"search_term_string\"}}],\"inLanguage\":\"ro-RO\"}]}<\/script>\n<!-- \/ Yoast SEO Premium plugin. -->","yoast_head_json":{"title":"Contacta\u021bi-ne - Mod\u0103 pentru p\u0103pu\u0219i mini | \u021ainute \u0219i echipamente la lafufu.fashion","robots":{"index":"index","follow":"follow","max-snippet":"max-snippet:-1","max-image-preview":"max-image-preview:large","max-video-preview":"max-video-preview:-1"},"canonical":"https:\/\/lafufu.fashion\/ro\/contactati-ne\/","og_locale":"ro_RO","og_type":"article","og_title":"Contact us","og_url":"https:\/\/lafufu.fashion\/ro\/contactati-ne\/","og_site_name":"Mini Doll Fashion | Outfits &amp; Gear at lafufu.fashion","article_modified_time":"2025-05-29T14:40:05+00:00","twitter_card":"summary_large_image","twitter_misc":{"Timp estimat pentru citire":"2 minute"},"schema":{"@context":"https:\/\/schema.org","@graph":[{"@type":"WebPage","@id":"https:\/\/lafufu.fashion\/contact-us\/","url":"https:\/\/lafufu.fashion\/contact-us\/","name":"Contacta\u021bi-ne - Mod\u0103 pentru p\u0103pu\u0219i mini | \u021ainute \u0219i echipamente la lafufu.fashion","isPartOf":{"@id":"https:\/\/lafufu.fashion\/#website"},"datePublished":"2021-08-25T09:00:10+00:00","dateModified":"2025-05-29T14:40:05+00:00","breadcrumb":{"@id":"https:\/\/lafufu.fashion\/contact-us\/#breadcrumb"},"inLanguage":"ro-RO","potentialAction":[{"@type":"ReadAction","target":["https:\/\/lafufu.fashion\/contact-us\/"]}]},{"@type":"BreadcrumbList","@id":"https:\/\/lafufu.fashion\/contact-us\/#breadcrumb","itemListElement":[{"@type":"ListItem","position":1,"name":"Home","item":"https:\/\/lafufu.fashion\/"},{"@type":"ListItem","position":2,"name":"Contact us"}]},{"@type":"WebSite","@id":"https:\/\/lafufu.fashion\/#website","url":"https:\/\/lafufu.fashion\/","name":"Mod\u0103 pentru p\u0103pu\u0219i mini | \u021ainute \u0219i echipamente la lafufu.fashion","description":"","potentialAction":[{"@type":"SearchAction","target":{"@type":"EntryPoint","urlTemplate":"https:\/\/lafufu.fashion\/?s={search_term_string}"},"query-input":{"@type":"PropertyValueSpecification","valueRequired":true,"valueName":"search_term_string"}}],"inLanguage":"ro-RO"}]}},"_links":{"self":[{"href":"https:\/\/lafufu.fashion\/ro\/wp-json\/wp\/v2\/pages\/5288","targetHints":{"allow":["GET"]}}],"collection":[{"href":"https:\/\/lafufu.fashion\/ro\/wp-json\/wp\/v2\/pages"}],"about":[{"href":"https:\/\/lafufu.fashion\/ro\/wp-json\/wp\/v2\/types\/page"}],"author":[{"embeddable":true,"href":"https:\/\/lafufu.fashion\/ro\/wp-json\/wp\/v2\/users\/1"}],"replies":[{"embeddable":true,"href":"https:\/\/lafufu.fashion\/ro\/wp-json\/wp\/v2\/comments?post=5288"}],"version-history":[{"count":5,"href":"https:\/\/lafufu.fashion\/ro\/wp-json\/wp\/v2\/pages\/5288\/revisions"}],"predecessor-version":[{"id":34349,"href":"https:\/\/lafufu.fashion\/ro\/wp-json\/wp\/v2\/pages\/5288\/revisions\/34349"}],"wp:attachment":[{"href":"https:\/\/lafufu.fashion\/ro\/wp-json\/wp\/v2\/media?parent=5288"}],"curies":[{"name":"wp","href":"https:\/\/api.w.org\/{rel}","templated":true}]}}