{"id":5212,"date":"2021-08-25T07:26:28","date_gmt":"2021-08-25T07:26:28","guid":{"rendered":"http:\/\/dummy.xtemos.com\/woodmart2\/?page_id=5212"},"modified":"2025-05-28T13:21:03","modified_gmt":"2025-05-28T13:21:03","slug":"despre-noi-3","status":"publish","type":"page","link":"https:\/\/lafufu.fashion\/ro\/despre-noi-3\/","title":{"rendered":"Despre noi"},"content":{"rendered":"<div id=\"wd-71e73bf2\" class=\"wp-block-wd-section\">\n<div id=\"wd-5ca05047\" class=\"wp-block-wd-row\">\n<div id=\"wd-a6d29b62\" class=\"wp-block-wd-column\">\n<p id=\"wd-9a74c592\" class=\"wp-block-wd-paragraph\">C\u00c2TEVA CUVINTE DESPRE NOI<\/p>\n\n\n\n<h2 id=\"wd-84a29a4b\" class=\"wp-block-wd-title title wd-custom-width\">Despre noi<\/h2>\n<\/div>\n\n\n\n<div id=\"wd-b38a92d6\" class=\"wp-block-wd-column\">\n<h2 id=\"wd-1dff8114\" class=\"wp-block-wd-title title\">Angajamentul nostru<\/h2>\n\n\n\n<p id=\"wd-a818c622\" class=\"wp-block-wd-paragraph wd-custom-width\">Punem accent pe autenticitate \u0219i creativitate. Noi\u00a0<strong>Nu vinde\u021bi p\u0103pu\u0219i Labubu sau alte produse contraf\u0103cute.<\/strong>Magazinul nostru este dedicat exclusiv accesoriilor \u0219i echipamentelor personalizate, concepute pentru a completa p\u0103pu\u0219ile tale mini. Fiecare articol este creat cu grij\u0103 pentru a-\u021bi \u00eembun\u0103t\u0103\u021bi colec\u021bia, f\u0103r\u0103 a c\u0103lca pe nimeni \u00een picioare.<\/p>\n<\/div>\n\n\n\n<div id=\"wd-80fc735b\" class=\"wp-block-wd-column\">\n<h2 id=\"wd-5c96156f\" class=\"wp-block-wd-title title\">Declinare de responsabilitate<\/h2>\n\n\n\n<p id=\"wd-c6fc48d5\" class=\"wp-block-wd-paragraph\">V\u0103 rug\u0103m s\u0103 re\u021bine\u021bi c\u0103\u00a0<strong>lafufu.fashion<\/strong>\u00a0nu este afiliat cu Pop Mart sau cu marca oficial\u0103 Labubu. Suntem pur \u0219i simplu fani care creeaz\u0103 accesorii originale pentru al\u021bi pasiona\u021bi. Dac\u0103 ave\u021bi nel\u0103muriri cu privire la \u00eenc\u0103lcarea drepturilor de autor, v\u0103 rug\u0103m s\u0103 ne contacta\u021bi la\u00a0<a href=\"mailto:labubufashion@hotmail.com\">labubufashion@hotmail.com<\/a>, \u0219i le vom aborda prompt.<\/p>\n\n\n\n<p>Al\u0103tur\u0103-te nou\u0103 \u00een s\u0103rb\u0103toarea lumii adorabile a p\u0103pu\u0219ilor mini! Cump\u0103r\u0103 acum \u0219i hai s\u0103 le \u00eembr\u0103c\u0103m \u00eempreun\u0103 pe acele dr\u0103g\u0103la\u0219e!<\/p>\n<\/div>\n<\/div>\n<\/div>\n\n\n\n<div id=\"wd-31bcbef8\" class=\"wp-block-wd-row\">\n<div id=\"wd-c60b3da1\" class=\"wp-block-wd-column\">\n<div id=\"wd-15d0e170\" class=\"wp-block-wd-image wd-block-image\"><img loading=\"lazy\" decoding=\"async\" width=\"1280\" height=\"1280\" class=\"wp-image-34245\" src=\"https:\/\/lafufu.fashion\/wp-content\/uploads\/2025\/05\/\u5fae\u4fe1\u56fe\u7247_20250528112127_63.jpg\" alt=\"\" srcset=\"https:\/\/lafufu.fashion\/wp-content\/uploads\/2025\/05\/\u5fae\u4fe1\u56fe\u7247_20250528112127_63.jpg 1280w, https:\/\/lafufu.fashion\/wp-content\/uploads\/2025\/05\/\u5fae\u4fe1\u56fe\u7247_20250528112127_63-430x430.jpg 430w, https:\/\/lafufu.fashion\/wp-content\/uploads\/2025\/05\/\u5fae\u4fe1\u56fe\u7247_20250528112127_63-150x150.jpg 150w, https:\/\/lafufu.fashion\/wp-content\/uploads\/2025\/05\/\u5fae\u4fe1\u56fe\u7247_20250528112127_63-700x700.jpg 700w, https:\/\/lafufu.fashion\/wp-content\/uploads\/2025\/05\/\u5fae\u4fe1\u56fe\u7247_20250528112127_63-300x300.jpg 300w, https:\/\/lafufu.fashion\/wp-content\/uploads\/2025\/05\/\u5fae\u4fe1\u56fe\u7247_20250528112127_63-800x800.jpg 800w, https:\/\/lafufu.fashion\/wp-content\/uploads\/2025\/05\/\u5fae\u4fe1\u56fe\u7247_20250528112127_63-768x768.jpg 768w\" sizes=\"auto, (max-width: 1280px) 100vw, 1280px\" \/><\/div>\n<\/div>\n\n\n\n<div id=\"wd-8a8a9800\" class=\"wp-block-wd-column\">\n<p id=\"wd-9b2e7492\" class=\"wp-block-wd-paragraph\">P\u0103pu\u0219\u0103 mini de mod\u0103 <\/p>\n\n\n\n<h2 id=\"wd-7e205a3c\" class=\"wp-block-wd-title title\">Despre lafufu.fashion<\/h2>\n\n\n\n<p id=\"wd-09d10c79\" class=\"wp-block-wd-paragraph\">Bine a\u021bi venit la\u00a0<strong>lafufu.fashion<\/strong>, destina\u021bia ta preferat\u0103 pentru \u021binute, accesorii \u0219i echipamente elegante, personalizate, pentru p\u0103pu\u0219i mini! Suntem o echip\u0103 de fani pasiona\u021bi Labubu, exact ca tine, obseda\u021bi s\u0103 aduc\u0103 mai mult\u0103 distrac\u021bie \u0219i elegan\u021b\u0103 \u00een garderoba p\u0103pu\u0219ilor tale mini preferate.<\/p>\n\n\n\n<p>Misiunea noastr\u0103? S\u0103 \u00eembog\u0103\u021bim garderoba p\u0103pu\u0219ii tale Labubu cu modele unice, la mod\u0103, care st\u00e2rnesc bucurie! De la \u021binute \u0219ic la accesorii nonconforme \u0219i echipamente creative, cum ar fi huse de protec\u021bie \u0219i scaune mini, fiecare pies\u0103 este realizat\u0103 cu dragoste \u0219i grij\u0103. Ne concentr\u0103m pe crea\u021bii originale, de \u00eenalt\u0103 calitate, pentru a face ca p\u0103pu\u0219ile tale mini s\u0103 ias\u0103 \u00een eviden\u021b\u0103.<\/p>\n\n\n\n<div id=\"wd-511e1e1f\" class=\"wp-block-wd-divider wd-style-line\"><\/div>\n\n\n\n<div id=\"wd-67b59ae8\" class=\"wp-block-wd-container wd-dir-row wd-align-is-lg-center\">\n<p id=\"wd-58fb9bf1\" class=\"wp-block-wd-paragraph\"><em><strong><a href=\"http:\/\/xtemos.com\/\">Dezvoltat de\u00a0<\/a>\u00a0<a href=\"https:\/\/lafufu.fashion\/ro\/despre-noi-3\/\">lafufu.fashion @ 202<\/a><\/strong><\/em>5<\/p>\n\n\n\t\t\t<div id=\"wd-f71eaa25\" class=\"wd-social-icons wd-layout-justify wd-style-colored-alt wd-size-small social-share wd-shape-circle\">\n\t\t\t\t\n\t\t\t\t\n\t\t\t\t\t\t\t\t\t<a rel=\"noopener noreferrer nofollow\" href=\"https:\/\/www.facebook.com\/sharer\/sharer.php?u=https:\/\/lafufu.fashion\/ro\/despre-noi-3\/\" target=\"_blank\" class=\"wd-social-icon social-facebook\" aria-label=\"Facebook social link\">\n\t\t\t\t\t\t<span class=\"wd-icon\"><\/span>\n\t\t\t\t\t\t\t\t\t\t\t<\/a>\n\t\t\t\t\n\t\t\t\t\n\t\t\t\t\n\t\t\t\t\t\t\t\t\t<a rel=\"noopener noreferrer nofollow\" href=\"mailto:?subject=Check%20this%20https:\/\/lafufu.fashion\/ro\/despre-noi-3\/\" target=\"_blank\" class=\"wd-social-icon social-email\" aria-label=\"Email social link\">\n\t\t\t\t\t\t<span class=\"wd-icon\"><\/span>\n\t\t\t\t\t\t\t\t\t\t\t<\/a>\n\t\t\t\t\n\t\t\t\t\n\t\t\t\t\n\t\t\t\t\n\t\t\t\t\t\t\t\t\t<a rel=\"noopener noreferrer nofollow\" href=\"https:\/\/pinterest.com\/pin\/create\/button\/?url=https:\/\/lafufu.fashion\/ro\/despre-noi-3\/&#038;media=https:\/\/lafufu.fashion\/wp-includes\/images\/media\/default.svg&#038;description=About+us\" target=\"_blank\" class=\"wd-social-icon social-pinterest\" aria-label=\"Pinterest social link\">\n\t\t\t\t\t\t<span class=\"wd-icon\"><\/span>\n\t\t\t\t\t\t\t\t\t\t\t<\/a>\n\t\t\t\t\n\t\t\t\t\n\t\t\t\t\n\t\t\t\t\n\t\t\t\t\n\t\t\t\t\n\t\t\t\t\n\t\t\t\t\n\t\t\t\t\n\t\t\t\t\n\t\t\t\t\n\t\t\t\t\n\t\t\t\t\t\t\t\t\t<a rel=\"noopener noreferrer nofollow\" href=\"https:\/\/api.whatsapp.com\/send?text=https%3A%2F%2Flafufu.fashion%2Fro%2Fdespre-noi-3%2F\" target=\"_blank\" class=\"wd-hide-md  wd-social-icon social-whatsapp\" aria-label=\"WhatsApp social link\">\n\t\t\t\t\t\t<span class=\"wd-icon\"><\/span>\n\t\t\t\t\t\t\t\t\t\t\t<\/a>\n\n\t\t\t\t\t<a rel=\"noopener noreferrer nofollow\" href=\"whatsapp:\/\/send?text=https%3A%2F%2Flafufu.fashion%2Fro%2Fdespre-noi-3%2F\" target=\"_blank\" class=\"wd-hide-lg  wd-social-icon social-whatsapp\" aria-label=\"WhatsApp social link\">\n\t\t\t\t\t\t<span class=\"wd-icon\"><\/span>\n\t\t\t\t\t\t\t\t\t\t\t<\/a>\n\t\t\t\t\n\t\t\t\t\n\t\t\t\t\n\t\t\t\t\n\t\t\t\t\n\t\t\t\t\n\t\t\t\t\n\t\t\t\t\n\t\t\t<\/div>\n\n\t\t<\/div>\n<\/div>\n<\/div>","protected":false},"excerpt":{"rendered":"","protected":false},"author":1,"featured_media":0,"parent":0,"menu_order":0,"comment_status":"closed","ping_status":"closed","template":"","meta":{"footnotes":""},"class_list":["post-5212","page","type-page","status-publish","hentry"],"yoast_head":"<!-- This site is optimized with the Yoast SEO Premium plugin v24.9 (Yoast SEO v27.4) - https:\/\/yoast.com\/product\/yoast-seo-premium-wordpress\/ -->\n<title>About us - Mini Doll Fashion | Outfits &amp; Gear at lafufu.fashion<\/title>\n<meta name=\"robots\" content=\"index, follow, max-snippet:-1, max-image-preview:large, max-video-preview:-1\" \/>\n<link rel=\"canonical\" href=\"https:\/\/lafufu.fashion\/ro\/despre-noi-3\/\" \/>\n<meta property=\"og:locale\" content=\"ro_RO\" \/>\n<meta property=\"og:type\" content=\"article\" \/>\n<meta property=\"og:title\" content=\"About us\" \/>\n<meta property=\"og:url\" content=\"https:\/\/lafufu.fashion\/ro\/despre-noi-3\/\" \/>\n<meta property=\"og:site_name\" content=\"Mini Doll Fashion | Outfits &amp; Gear at lafufu.fashion\" \/>\n<meta property=\"article:modified_time\" content=\"2025-05-28T13:21:03+00:00\" \/>\n<meta name=\"twitter:card\" content=\"summary_large_image\" \/>\n<meta name=\"twitter:label1\" content=\"Timp estimat pentru citire\" \/>\n\t<meta name=\"twitter:data1\" content=\"1 minut\" \/>\n<script type=\"application\/ld+json\" class=\"yoast-schema-graph\">{\"@context\":\"https:\\\/\\\/schema.org\",\"@graph\":[{\"@type\":\"WebPage\",\"@id\":\"https:\\\/\\\/lafufu.fashion\\\/about-us-3\\\/\",\"url\":\"https:\\\/\\\/lafufu.fashion\\\/about-us-3\\\/\",\"name\":\"About us - Mini Doll Fashion | Outfits &amp; Gear at lafufu.fashion\",\"isPartOf\":{\"@id\":\"https:\\\/\\\/lafufu.fashion\\\/#website\"},\"datePublished\":\"2021-08-25T07:26:28+00:00\",\"dateModified\":\"2025-05-28T13:21:03+00:00\",\"breadcrumb\":{\"@id\":\"https:\\\/\\\/lafufu.fashion\\\/about-us-3\\\/#breadcrumb\"},\"inLanguage\":\"ro-RO\",\"potentialAction\":[{\"@type\":\"ReadAction\",\"target\":[\"https:\\\/\\\/lafufu.fashion\\\/about-us-3\\\/\"]}]},{\"@type\":\"BreadcrumbList\",\"@id\":\"https:\\\/\\\/lafufu.fashion\\\/about-us-3\\\/#breadcrumb\",\"itemListElement\":[{\"@type\":\"ListItem\",\"position\":1,\"name\":\"Home\",\"item\":\"https:\\\/\\\/lafufu.fashion\\\/\"},{\"@type\":\"ListItem\",\"position\":2,\"name\":\"About us\"}]},{\"@type\":\"WebSite\",\"@id\":\"https:\\\/\\\/lafufu.fashion\\\/#website\",\"url\":\"https:\\\/\\\/lafufu.fashion\\\/\",\"name\":\"Mini Doll Fashion | Outfits &amp; Gear at lafufu.fashion\",\"description\":\"\",\"potentialAction\":[{\"@type\":\"SearchAction\",\"target\":{\"@type\":\"EntryPoint\",\"urlTemplate\":\"https:\\\/\\\/lafufu.fashion\\\/?s={search_term_string}\"},\"query-input\":{\"@type\":\"PropertyValueSpecification\",\"valueRequired\":true,\"valueName\":\"search_term_string\"}}],\"inLanguage\":\"ro-RO\"}]}<\/script>\n<!-- \/ Yoast SEO Premium plugin. -->","yoast_head_json":{"title":"Despre noi - Mod\u0103 pentru p\u0103pu\u0219i mini | \u021ainute \u0219i echipamente la lafufu.fashion","robots":{"index":"index","follow":"follow","max-snippet":"max-snippet:-1","max-image-preview":"max-image-preview:large","max-video-preview":"max-video-preview:-1"},"canonical":"https:\/\/lafufu.fashion\/ro\/despre-noi-3\/","og_locale":"ro_RO","og_type":"article","og_title":"About us","og_url":"https:\/\/lafufu.fashion\/ro\/despre-noi-3\/","og_site_name":"Mini Doll Fashion | Outfits &amp; Gear at lafufu.fashion","article_modified_time":"2025-05-28T13:21:03+00:00","twitter_card":"summary_large_image","twitter_misc":{"Timp estimat pentru citire":"1 minut"},"schema":{"@context":"https:\/\/schema.org","@graph":[{"@type":"WebPage","@id":"https:\/\/lafufu.fashion\/about-us-3\/","url":"https:\/\/lafufu.fashion\/about-us-3\/","name":"Despre noi - Mod\u0103 pentru p\u0103pu\u0219i mini | \u021ainute \u0219i echipamente la lafufu.fashion","isPartOf":{"@id":"https:\/\/lafufu.fashion\/#website"},"datePublished":"2021-08-25T07:26:28+00:00","dateModified":"2025-05-28T13:21:03+00:00","breadcrumb":{"@id":"https:\/\/lafufu.fashion\/about-us-3\/#breadcrumb"},"inLanguage":"ro-RO","potentialAction":[{"@type":"ReadAction","target":["https:\/\/lafufu.fashion\/about-us-3\/"]}]},{"@type":"BreadcrumbList","@id":"https:\/\/lafufu.fashion\/about-us-3\/#breadcrumb","itemListElement":[{"@type":"ListItem","position":1,"name":"Home","item":"https:\/\/lafufu.fashion\/"},{"@type":"ListItem","position":2,"name":"About us"}]},{"@type":"WebSite","@id":"https:\/\/lafufu.fashion\/#website","url":"https:\/\/lafufu.fashion\/","name":"Mod\u0103 pentru p\u0103pu\u0219i mini | \u021ainute \u0219i echipamente la lafufu.fashion","description":"","potentialAction":[{"@type":"SearchAction","target":{"@type":"EntryPoint","urlTemplate":"https:\/\/lafufu.fashion\/?s={search_term_string}"},"query-input":{"@type":"PropertyValueSpecification","valueRequired":true,"valueName":"search_term_string"}}],"inLanguage":"ro-RO"}]}},"_links":{"self":[{"href":"https:\/\/lafufu.fashion\/ro\/wp-json\/wp\/v2\/pages\/5212","targetHints":{"allow":["GET"]}}],"collection":[{"href":"https:\/\/lafufu.fashion\/ro\/wp-json\/wp\/v2\/pages"}],"about":[{"href":"https:\/\/lafufu.fashion\/ro\/wp-json\/wp\/v2\/types\/page"}],"author":[{"embeddable":true,"href":"https:\/\/lafufu.fashion\/ro\/wp-json\/wp\/v2\/users\/1"}],"replies":[{"embeddable":true,"href":"https:\/\/lafufu.fashion\/ro\/wp-json\/wp\/v2\/comments?post=5212"}],"version-history":[{"count":2,"href":"https:\/\/lafufu.fashion\/ro\/wp-json\/wp\/v2\/pages\/5212\/revisions"}],"predecessor-version":[{"id":34246,"href":"https:\/\/lafufu.fashion\/ro\/wp-json\/wp\/v2\/pages\/5212\/revisions\/34246"}],"wp:attachment":[{"href":"https:\/\/lafufu.fashion\/ro\/wp-json\/wp\/v2\/media?parent=5212"}],"curies":[{"name":"wp","href":"https:\/\/api.w.org\/{rel}","templated":true}]}}