{"id":34596,"date":"2025-06-02T17:16:41","date_gmt":"2025-06-02T17:16:41","guid":{"rendered":"https:\/\/lafufu.fashion\/product\/labubu-cotton-doll-glasses-colorful-goggles-ski-goggles-small-cloth\/"},"modified":"2026-05-13T02:42:29","modified_gmt":"2026-05-13T02:42:29","slug":"lunettes-labubu","status":"publish","type":"product","link":"https:\/\/lafufu.fashion\/fr\/product\/lunettes-labubu\/","title":{"rendered":"Lunettes Labubu, lunettes de poup\u00e9e en coton, lunettes color\u00e9es, lunettes de ski, petit tissu"},"content":{"rendered":"","protected":false},"excerpt":{"rendered":"<p dir=\"auto\">Sublimez le style de votre mini-poup\u00e9e avec les lunettes Labubu\u00a0! Ces accessoires tendance arborent un design \u00e9l\u00e9gant et sont con\u00e7us pour les poup\u00e9es de 7,5 \u00e0 12,5\u00a0cm. Parfaites pour les collectionneurs, elles apportent une touche chic \u00e0 toutes leurs tenues. Commandez d\u00e8s maintenant sur lafufu.fashion et profitez de la livraison gratuite dans le monde entier\u00a0!<\/p>","protected":false},"featured_media":34662,"comment_status":"open","ping_status":"closed","template":"","meta":[],"product_brand":[],"product_cat":[21],"product_tag":[],"class_list":{"0":"post-34596","1":"product","2":"type-product","3":"status-publish","4":"has-post-thumbnail","6":"product_cat-accessories","7":"pa_colour-black-in-stock","8":"pa_colour-blue-purple","9":"pa_colour-customized-full-frame-colors-starting-from-1000-pairs","10":"pa_colour-dark-blue-in-stock","11":"pa_colour-light-blue-in-stock","12":"pa_colour-orange-in-stock","13":"pa_colour-pink-in-stock","14":"pa_colour-purple-in-stock","15":"pa_colour-red-in-stock","16":"pa_colour-transparent-in-stock","17":"pa_colour-yellow-in-stock","18":"pa_height-width-6cm-suitable-for-10cm-cotton-dolls","19":"pa_height-width-6cm-suitable-for-17cm-canvas-pendant","20":"pa_height-width-8-5cm-suitable-for-20cm-15cm-cotton-dolls","22":"first","23":"instock","24":"featured","25":"shipping-taxable","26":"purchasable","27":"product-type-variable"},"yoast_head":"<!-- This site is optimized with the Yoast SEO Premium plugin v24.9 (Yoast SEO v27.4) - https:\/\/yoast.com\/product\/yoast-seo-premium-wordpress\/ -->\n<title>Labubu glasses cotton doll glasses colorful goggles ski goggles small cloth - Mini Doll Fashion | Outfits &amp; Gear at lafufu.fashion<\/title>\n<meta name=\"description\" content=\"Shop Labubu Glasses at lafufu.fashion! These trendy eyewear accessories for mini dolls add style to your collection. Free shipping worldwide\u2014get yours now!\" \/>\n<meta name=\"robots\" content=\"index, follow, max-snippet:-1, max-image-preview:large, max-video-preview:-1\" \/>\n<link rel=\"canonical\" href=\"https:\/\/lafufu.fashion\/fr\/product\/lunettes-labubu\/\" \/>\n<meta property=\"og:locale\" content=\"fr_FR\" \/>\n<meta property=\"og:type\" content=\"article\" \/>\n<meta property=\"og:title\" content=\"Labubu glasses cotton doll glasses colorful goggles ski goggles small cloth\" \/>\n<meta property=\"og:description\" content=\"Shop Labubu Glasses at lafufu.fashion! These trendy eyewear accessories for mini dolls add style to your collection. Free shipping worldwide\u2014get yours now!\" \/>\n<meta property=\"og:url\" content=\"https:\/\/lafufu.fashion\/fr\/product\/lunettes-labubu\/\" \/>\n<meta property=\"og:site_name\" content=\"Mini Doll Fashion | Outfits &amp; Gear at lafufu.fashion\" \/>\n<meta property=\"article:modified_time\" content=\"2026-05-13T02:42:29+00:00\" \/>\n<meta property=\"og:image\" content=\"https:\/\/lafufu.fashion\/wp-content\/uploads\/2025\/06\/O1CN01OQMBF21QxkDgUMesa_2379392043-0-cib-e1750264774737.jpg\" \/>\n\t<meta property=\"og:image:width\" content=\"1080\" \/>\n\t<meta property=\"og:image:height\" content=\"1082\" \/>\n\t<meta property=\"og:image:type\" content=\"image\/jpeg\" \/>\n<meta name=\"twitter:card\" content=\"summary_large_image\" \/>\n<meta name=\"twitter:label1\" content=\"Dur\u00e9e de lecture estim\u00e9e\" \/>\n\t<meta name=\"twitter:data1\" content=\"1 minute\" \/>\n<script type=\"application\/ld+json\" class=\"yoast-schema-graph\">{\"@context\":\"https:\\\/\\\/schema.org\",\"@graph\":[{\"@type\":\"WebPage\",\"@id\":\"https:\\\/\\\/lafufu.fashion\\\/product\\\/labubu-glasses\\\/\",\"url\":\"https:\\\/\\\/lafufu.fashion\\\/product\\\/labubu-glasses\\\/\",\"name\":\"Labubu glasses cotton doll glasses colorful goggles ski goggles small cloth - Mini Doll Fashion | Outfits &amp; Gear at lafufu.fashion\",\"isPartOf\":{\"@id\":\"https:\\\/\\\/lafufu.fashion\\\/#website\"},\"primaryImageOfPage\":{\"@id\":\"https:\\\/\\\/lafufu.fashion\\\/product\\\/labubu-glasses\\\/#primaryimage\"},\"image\":{\"@id\":\"https:\\\/\\\/lafufu.fashion\\\/product\\\/labubu-glasses\\\/#primaryimage\"},\"thumbnailUrl\":\"https:\\\/\\\/lafufu.fashion\\\/wp-content\\\/uploads\\\/2025\\\/06\\\/O1CN01OQMBF21QxkDgUMesa_2379392043-0-cib-e1750264774737.jpg\",\"datePublished\":\"2025-06-02T17:16:41+00:00\",\"dateModified\":\"2026-05-13T02:42:29+00:00\",\"description\":\"Shop Labubu Glasses at lafufu.fashion! These trendy eyewear accessories for mini dolls add style to your collection. Free shipping worldwide\u2014get yours now!\",\"breadcrumb\":{\"@id\":\"https:\\\/\\\/lafufu.fashion\\\/product\\\/labubu-glasses\\\/#breadcrumb\"},\"inLanguage\":\"fr-FR\",\"potentialAction\":[{\"@type\":\"ReadAction\",\"target\":[\"https:\\\/\\\/lafufu.fashion\\\/product\\\/labubu-glasses\\\/\"]}]},{\"@type\":\"ImageObject\",\"inLanguage\":\"fr-FR\",\"@id\":\"https:\\\/\\\/lafufu.fashion\\\/product\\\/labubu-glasses\\\/#primaryimage\",\"url\":\"https:\\\/\\\/lafufu.fashion\\\/wp-content\\\/uploads\\\/2025\\\/06\\\/O1CN01OQMBF21QxkDgUMesa_2379392043-0-cib-e1750264774737.jpg\",\"contentUrl\":\"https:\\\/\\\/lafufu.fashion\\\/wp-content\\\/uploads\\\/2025\\\/06\\\/O1CN01OQMBF21QxkDgUMesa_2379392043-0-cib-e1750264774737.jpg\",\"width\":1080,\"height\":1082},{\"@type\":\"BreadcrumbList\",\"@id\":\"https:\\\/\\\/lafufu.fashion\\\/product\\\/labubu-glasses\\\/#breadcrumb\",\"itemListElement\":[{\"@type\":\"ListItem\",\"position\":1,\"name\":\"Home\",\"item\":\"https:\\\/\\\/lafufu.fashion\\\/\"},{\"@type\":\"ListItem\",\"position\":2,\"name\":\"Shop\",\"item\":\"https:\\\/\\\/lafufu.fashion\\\/shop\\\/\"},{\"@type\":\"ListItem\",\"position\":3,\"name\":\"Labubu glasses cotton doll glasses colorful goggles ski goggles small cloth\"}]},{\"@type\":\"WebSite\",\"@id\":\"https:\\\/\\\/lafufu.fashion\\\/#website\",\"url\":\"https:\\\/\\\/lafufu.fashion\\\/\",\"name\":\"Mini Doll Fashion | Outfits &amp; Gear at lafufu.fashion\",\"description\":\"\",\"potentialAction\":[{\"@type\":\"SearchAction\",\"target\":{\"@type\":\"EntryPoint\",\"urlTemplate\":\"https:\\\/\\\/lafufu.fashion\\\/?s={search_term_string}\"},\"query-input\":{\"@type\":\"PropertyValueSpecification\",\"valueRequired\":true,\"valueName\":\"search_term_string\"}}],\"inLanguage\":\"fr-FR\"}]}<\/script>\n<!-- \/ Yoast SEO Premium plugin. -->","yoast_head_json":{"title":"Lunettes Labubu en coton pour poup\u00e9e, lunettes de ski color\u00e9es, petites lunettes en tissu - Mode Mini Poup\u00e9e | Tenues et Accessoires sur lafufu.fashion","description":"D\u00e9couvrez les lunettes Labubu sur lafufu.fashion\u00a0! Ces accessoires tendance pour mini-poup\u00e9es apporteront une touche d&#039;\u00e9l\u00e9gance \u00e0 votre collection. Livraison gratuite dans le monde entier\u00a0\u2014 commandez les v\u00f4tres d\u00e8s maintenant\u00a0!","robots":{"index":"index","follow":"follow","max-snippet":"max-snippet:-1","max-image-preview":"max-image-preview:large","max-video-preview":"max-video-preview:-1"},"canonical":"https:\/\/lafufu.fashion\/fr\/product\/lunettes-labubu\/","og_locale":"fr_FR","og_type":"article","og_title":"Labubu glasses cotton doll glasses colorful goggles ski goggles small cloth","og_description":"Shop Labubu Glasses at lafufu.fashion! These trendy eyewear accessories for mini dolls add style to your collection. Free shipping worldwide\u2014get yours now!","og_url":"https:\/\/lafufu.fashion\/fr\/product\/lunettes-labubu\/","og_site_name":"Mini Doll Fashion | Outfits &amp; Gear at lafufu.fashion","article_modified_time":"2026-05-13T02:42:29+00:00","og_image":[{"width":1080,"height":1082,"url":"https:\/\/lafufu.fashion\/wp-content\/uploads\/2025\/06\/O1CN01OQMBF21QxkDgUMesa_2379392043-0-cib-e1750264774737.jpg","type":"image\/jpeg"}],"twitter_card":"summary_large_image","twitter_misc":{"Dur\u00e9e de lecture estim\u00e9e":"1 minute"},"schema":{"@context":"https:\/\/schema.org","@graph":[{"@type":"WebPage","@id":"https:\/\/lafufu.fashion\/product\/labubu-glasses\/","url":"https:\/\/lafufu.fashion\/product\/labubu-glasses\/","name":"Lunettes Labubu en coton pour poup\u00e9e, lunettes de ski color\u00e9es, petites lunettes en tissu - Mode Mini Poup\u00e9e | Tenues et Accessoires sur lafufu.fashion","isPartOf":{"@id":"https:\/\/lafufu.fashion\/#website"},"primaryImageOfPage":{"@id":"https:\/\/lafufu.fashion\/product\/labubu-glasses\/#primaryimage"},"image":{"@id":"https:\/\/lafufu.fashion\/product\/labubu-glasses\/#primaryimage"},"thumbnailUrl":"https:\/\/lafufu.fashion\/wp-content\/uploads\/2025\/06\/O1CN01OQMBF21QxkDgUMesa_2379392043-0-cib-e1750264774737.jpg","datePublished":"2025-06-02T17:16:41+00:00","dateModified":"2026-05-13T02:42:29+00:00","description":"D\u00e9couvrez les lunettes Labubu sur lafufu.fashion\u00a0! Ces accessoires tendance pour mini-poup\u00e9es apporteront une touche d&#039;\u00e9l\u00e9gance \u00e0 votre collection. Livraison gratuite dans le monde entier\u00a0\u2014 commandez les v\u00f4tres d\u00e8s maintenant\u00a0!","breadcrumb":{"@id":"https:\/\/lafufu.fashion\/product\/labubu-glasses\/#breadcrumb"},"inLanguage":"fr-FR","potentialAction":[{"@type":"ReadAction","target":["https:\/\/lafufu.fashion\/product\/labubu-glasses\/"]}]},{"@type":"ImageObject","inLanguage":"fr-FR","@id":"https:\/\/lafufu.fashion\/product\/labubu-glasses\/#primaryimage","url":"https:\/\/lafufu.fashion\/wp-content\/uploads\/2025\/06\/O1CN01OQMBF21QxkDgUMesa_2379392043-0-cib-e1750264774737.jpg","contentUrl":"https:\/\/lafufu.fashion\/wp-content\/uploads\/2025\/06\/O1CN01OQMBF21QxkDgUMesa_2379392043-0-cib-e1750264774737.jpg","width":1080,"height":1082},{"@type":"BreadcrumbList","@id":"https:\/\/lafufu.fashion\/product\/labubu-glasses\/#breadcrumb","itemListElement":[{"@type":"ListItem","position":1,"name":"Home","item":"https:\/\/lafufu.fashion\/"},{"@type":"ListItem","position":2,"name":"Shop","item":"https:\/\/lafufu.fashion\/shop\/"},{"@type":"ListItem","position":3,"name":"Labubu glasses cotton doll glasses colorful goggles ski goggles small cloth"}]},{"@type":"WebSite","@id":"https:\/\/lafufu.fashion\/#website","url":"https:\/\/lafufu.fashion\/","name":"Mode Mini Doll | Tenues et accessoires sur lafufu.fashion","description":"","potentialAction":[{"@type":"SearchAction","target":{"@type":"EntryPoint","urlTemplate":"https:\/\/lafufu.fashion\/?s={search_term_string}"},"query-input":{"@type":"PropertyValueSpecification","valueRequired":true,"valueName":"search_term_string"}}],"inLanguage":"fr-FR"}]}},"_links":{"self":[{"href":"https:\/\/lafufu.fashion\/fr\/wp-json\/wp\/v2\/product\/34596","targetHints":{"allow":["GET"]}}],"collection":[{"href":"https:\/\/lafufu.fashion\/fr\/wp-json\/wp\/v2\/product"}],"about":[{"href":"https:\/\/lafufu.fashion\/fr\/wp-json\/wp\/v2\/types\/product"}],"replies":[{"embeddable":true,"href":"https:\/\/lafufu.fashion\/fr\/wp-json\/wp\/v2\/comments?post=34596"}],"wp:featuredmedia":[{"embeddable":true,"href":"https:\/\/lafufu.fashion\/fr\/wp-json\/wp\/v2\/media\/34662"}],"wp:attachment":[{"href":"https:\/\/lafufu.fashion\/fr\/wp-json\/wp\/v2\/media?parent=34596"}],"wp:term":[{"taxonomy":"product_brand","embeddable":true,"href":"https:\/\/lafufu.fashion\/fr\/wp-json\/wp\/v2\/product_brand?post=34596"},{"taxonomy":"product_cat","embeddable":true,"href":"https:\/\/lafufu.fashion\/fr\/wp-json\/wp\/v2\/product_cat?post=34596"},{"taxonomy":"product_tag","embeddable":true,"href":"https:\/\/lafufu.fashion\/fr\/wp-json\/wp\/v2\/product_tag?post=34596"}],"curies":[{"name":"wp","href":"https:\/\/api.w.org\/{rel}","templated":true}]}}