{"id":5212,"date":"2021-08-25T07:26:28","date_gmt":"2021-08-25T07:26:28","guid":{"rendered":"http:\/\/dummy.xtemos.com\/woodmart2\/?page_id=5212"},"modified":"2025-05-28T13:21:03","modified_gmt":"2025-05-28T13:21:03","slug":"a-propos-de-nous-3","status":"publish","type":"page","link":"https:\/\/lafufu.fashion\/fr\/a-propos-de-nous-3\/","title":{"rendered":"\u00c0 propos de nous"},"content":{"rendered":"<div id=\"wd-71e73bf2\" class=\"wp-block-wd-section\">\n<div id=\"wd-5ca05047\" class=\"wp-block-wd-row\">\n<div id=\"wd-a6d29b62\" class=\"wp-block-wd-column\">\n<p id=\"wd-9a74c592\" class=\"wp-block-wd-paragraph\">QUELQUES MOTS SUR NOUS<\/p>\n\n\n\n<h2 id=\"wd-84a29a4b\" class=\"wp-block-wd-title title wd-custom-width\">\u00c0 propos de nous<\/h2>\n<\/div>\n\n\n\n<div id=\"wd-b38a92d6\" class=\"wp-block-wd-column\">\n<h2 id=\"wd-1dff8114\" class=\"wp-block-wd-title title\">Notre engagement<\/h2>\n\n\n\n<p id=\"wd-a818c622\" class=\"wp-block-wd-paragraph wd-custom-width\">Nous misons sur l&#039;authenticit\u00e9 et la cr\u00e9ativit\u00e9.\u00a0<strong>ne vendez pas de poup\u00e9es Labubu ni de produits contrefaits<\/strong>Notre boutique est exclusivement d\u00e9di\u00e9e aux accessoires et \u00e9quipements sur mesure con\u00e7us pour sublimer vos mini-poup\u00e9es. Chaque article est soigneusement con\u00e7u pour sublimer votre collection sans compromettre la qualit\u00e9.<\/p>\n<\/div>\n\n\n\n<div id=\"wd-80fc735b\" class=\"wp-block-wd-column\">\n<h2 id=\"wd-5c96156f\" class=\"wp-block-wd-title title\">Clause de non-responsabilit\u00e9<\/h2>\n\n\n\n<p id=\"wd-c6fc48d5\" class=\"wp-block-wd-paragraph\">Veuillez noter que\u00a0<strong>lafufu.fashion<\/strong>\u00a0n&#039;est affili\u00e9 ni \u00e0 Pop Mart ni \u00e0 la marque officielle Labubu. Nous sommes simplement des passionn\u00e9s qui cr\u00e9ons des accessoires originaux pour nos amis passionn\u00e9s. Pour toute question relative \u00e0 une \u00e9ventuelle violation de droits, veuillez nous contacter \u00e0 l&#039;adresse suivante\u00a0:\u00a0<a href=\"mailto:labubufashion@hotmail.com\">labubufashion@hotmail.com<\/a>, et nous y r\u00e9pondrons rapidement.<\/p>\n\n\n\n<p>Rejoignez-nous pour c\u00e9l\u00e9brer l&#039;univers adorable des mini-poup\u00e9es\u00a0! Achetez d\u00e8s maintenant et habillons ces adorables poup\u00e9es ensemble\u00a0!<\/p>\n<\/div>\n<\/div>\n<\/div>\n\n\n\n<div id=\"wd-31bcbef8\" class=\"wp-block-wd-row\">\n<div id=\"wd-c60b3da1\" class=\"wp-block-wd-column\">\n<div id=\"wd-15d0e170\" class=\"wp-block-wd-image wd-block-image\"><img loading=\"lazy\" decoding=\"async\" width=\"1280\" height=\"1280\" class=\"wp-image-34245\" src=\"https:\/\/lafufu.fashion\/wp-content\/uploads\/2025\/05\/\u5fae\u4fe1\u56fe\u7247_20250528112127_63.jpg\" alt=\"\" srcset=\"https:\/\/lafufu.fashion\/wp-content\/uploads\/2025\/05\/\u5fae\u4fe1\u56fe\u7247_20250528112127_63.jpg 1280w, https:\/\/lafufu.fashion\/wp-content\/uploads\/2025\/05\/\u5fae\u4fe1\u56fe\u7247_20250528112127_63-430x430.jpg 430w, https:\/\/lafufu.fashion\/wp-content\/uploads\/2025\/05\/\u5fae\u4fe1\u56fe\u7247_20250528112127_63-150x150.jpg 150w, https:\/\/lafufu.fashion\/wp-content\/uploads\/2025\/05\/\u5fae\u4fe1\u56fe\u7247_20250528112127_63-700x700.jpg 700w, https:\/\/lafufu.fashion\/wp-content\/uploads\/2025\/05\/\u5fae\u4fe1\u56fe\u7247_20250528112127_63-300x300.jpg 300w, https:\/\/lafufu.fashion\/wp-content\/uploads\/2025\/05\/\u5fae\u4fe1\u56fe\u7247_20250528112127_63-800x800.jpg 800w, https:\/\/lafufu.fashion\/wp-content\/uploads\/2025\/05\/\u5fae\u4fe1\u56fe\u7247_20250528112127_63-768x768.jpg 768w\" sizes=\"auto, (max-width: 1280px) 100vw, 1280px\" \/><\/div>\n<\/div>\n\n\n\n<div id=\"wd-8a8a9800\" class=\"wp-block-wd-column\">\n<p id=\"wd-9b2e7492\" class=\"wp-block-wd-paragraph\">Mini poup\u00e9e de mode <\/p>\n\n\n\n<h2 id=\"wd-7e205a3c\" class=\"wp-block-wd-title title\">\u00c0 propos de lafufu.fashion<\/h2>\n\n\n\n<p id=\"wd-09d10c79\" class=\"wp-block-wd-paragraph\">Bienvenue \u00e0\u00a0<strong>lafufu.fashion<\/strong>, votre destination incontournable pour des tenues, accessoires et \u00e9quipements styl\u00e9s et sur mesure pour mini-poup\u00e9es\u00a0! Nous sommes une \u00e9quipe de passionn\u00e9s de Labubu, comme vous, qui ont \u00e0 c\u0153ur d&#039;apporter une touche de fantaisie et de style \u00e0 la garde-robe de vos mini-poup\u00e9es pr\u00e9f\u00e9r\u00e9es.<\/p>\n\n\n\n<p>Notre mission ? Enrichir la garde-robe de votre Labubu avec des cr\u00e9ations uniques et tendance qui lui donnent du plaisir ! Des tenues chics aux accessoires originaux, en passant par des accessoires cr\u00e9atifs comme des housses de protection et des mini-si\u00e8ges, chaque pi\u00e8ce est confectionn\u00e9e avec amour et soin. Nous privil\u00e9gions des cr\u00e9ations originales et de haute qualit\u00e9 pour que vos mini-poup\u00e9es se d\u00e9marquent.<\/p>\n\n\n\n<div id=\"wd-511e1e1f\" class=\"wp-block-wd-divider wd-style-line\"><\/div>\n\n\n\n<div id=\"wd-67b59ae8\" class=\"wp-block-wd-container wd-dir-row wd-align-is-lg-center\">\n<p id=\"wd-58fb9bf1\" class=\"wp-block-wd-paragraph\"><em><strong><a href=\"http:\/\/xtemos.com\/\">D\u00e9velopp\u00e9 par\u00a0<\/a>\u00a0<a href=\"https:\/\/lafufu.fashion\/fr\/a-propos-de-nous-3\/\">lafufu.fashion @ 202<\/a><\/strong><\/em>5<\/p>\n\n\n\t\t\t<div id=\"wd-f71eaa25\" class=\"wd-social-icons wd-layout-justify wd-style-colored-alt wd-size-small social-share wd-shape-circle\">\n\t\t\t\t\n\t\t\t\t\n\t\t\t\t\t\t\t\t\t<a rel=\"noopener noreferrer nofollow\" href=\"https:\/\/www.facebook.com\/sharer\/sharer.php?u=https:\/\/lafufu.fashion\/fr\/a-propos-de-nous-3\/\" target=\"_blank\" class=\"wd-social-icon social-facebook\" aria-label=\"Facebook social link\">\n\t\t\t\t\t\t<span class=\"wd-icon\"><\/span>\n\t\t\t\t\t\t\t\t\t\t\t<\/a>\n\t\t\t\t\n\t\t\t\t\n\t\t\t\t\n\t\t\t\t\t\t\t\t\t<a rel=\"noopener noreferrer nofollow\" href=\"mailto:?subject=Check%20this%20https:\/\/lafufu.fashion\/fr\/a-propos-de-nous-3\/\" target=\"_blank\" class=\"wd-social-icon social-email\" aria-label=\"Email social link\">\n\t\t\t\t\t\t<span class=\"wd-icon\"><\/span>\n\t\t\t\t\t\t\t\t\t\t\t<\/a>\n\t\t\t\t\n\t\t\t\t\n\t\t\t\t\n\t\t\t\t\n\t\t\t\t\t\t\t\t\t<a rel=\"noopener noreferrer nofollow\" href=\"https:\/\/pinterest.com\/pin\/create\/button\/?url=https:\/\/lafufu.fashion\/fr\/a-propos-de-nous-3\/&#038;media=https:\/\/lafufu.fashion\/wp-includes\/images\/media\/default.svg&#038;description=About+us\" target=\"_blank\" class=\"wd-social-icon social-pinterest\" aria-label=\"Pinterest social link\">\n\t\t\t\t\t\t<span class=\"wd-icon\"><\/span>\n\t\t\t\t\t\t\t\t\t\t\t<\/a>\n\t\t\t\t\n\t\t\t\t\n\t\t\t\t\n\t\t\t\t\n\t\t\t\t\n\t\t\t\t\n\t\t\t\t\n\t\t\t\t\n\t\t\t\t\n\t\t\t\t\n\t\t\t\t\n\t\t\t\t\n\t\t\t\t\t\t\t\t\t<a rel=\"noopener noreferrer nofollow\" href=\"https:\/\/api.whatsapp.com\/send?text=https%3A%2F%2Flafufu.fashion%2Ffr%2Fa-propos-de-nous-3%2F\" target=\"_blank\" class=\"wd-hide-md  wd-social-icon social-whatsapp\" aria-label=\"WhatsApp social link\">\n\t\t\t\t\t\t<span class=\"wd-icon\"><\/span>\n\t\t\t\t\t\t\t\t\t\t\t<\/a>\n\n\t\t\t\t\t<a rel=\"noopener noreferrer nofollow\" href=\"whatsapp:\/\/send?text=https%3A%2F%2Flafufu.fashion%2Ffr%2Fa-propos-de-nous-3%2F\" target=\"_blank\" class=\"wd-hide-lg  wd-social-icon social-whatsapp\" aria-label=\"WhatsApp social link\">\n\t\t\t\t\t\t<span class=\"wd-icon\"><\/span>\n\t\t\t\t\t\t\t\t\t\t\t<\/a>\n\t\t\t\t\n\t\t\t\t\n\t\t\t\t\n\t\t\t\t\n\t\t\t\t\n\t\t\t\t\n\t\t\t\t\n\t\t\t\t\n\t\t\t<\/div>\n\n\t\t<\/div>\n<\/div>\n<\/div>","protected":false},"excerpt":{"rendered":"","protected":false},"author":1,"featured_media":0,"parent":0,"menu_order":0,"comment_status":"closed","ping_status":"closed","template":"","meta":{"footnotes":""},"class_list":["post-5212","page","type-page","status-publish","hentry"],"yoast_head":"<!-- This site is optimized with the Yoast SEO Premium plugin v24.9 (Yoast SEO v27.4) - https:\/\/yoast.com\/product\/yoast-seo-premium-wordpress\/ -->\n<title>About us - Mini Doll Fashion | Outfits &amp; Gear at lafufu.fashion<\/title>\n<meta name=\"robots\" content=\"index, follow, max-snippet:-1, max-image-preview:large, max-video-preview:-1\" \/>\n<link rel=\"canonical\" href=\"https:\/\/lafufu.fashion\/fr\/a-propos-de-nous-3\/\" \/>\n<meta property=\"og:locale\" content=\"fr_FR\" \/>\n<meta property=\"og:type\" content=\"article\" \/>\n<meta property=\"og:title\" content=\"About us\" \/>\n<meta property=\"og:url\" content=\"https:\/\/lafufu.fashion\/fr\/a-propos-de-nous-3\/\" \/>\n<meta property=\"og:site_name\" content=\"Mini Doll Fashion | Outfits &amp; Gear at lafufu.fashion\" \/>\n<meta property=\"article:modified_time\" content=\"2025-05-28T13:21:03+00:00\" \/>\n<meta name=\"twitter:card\" content=\"summary_large_image\" \/>\n<meta name=\"twitter:label1\" content=\"Dur\u00e9e de lecture estim\u00e9e\" \/>\n\t<meta name=\"twitter:data1\" content=\"1 minute\" \/>\n<script type=\"application\/ld+json\" class=\"yoast-schema-graph\">{\"@context\":\"https:\\\/\\\/schema.org\",\"@graph\":[{\"@type\":\"WebPage\",\"@id\":\"https:\\\/\\\/lafufu.fashion\\\/about-us-3\\\/\",\"url\":\"https:\\\/\\\/lafufu.fashion\\\/about-us-3\\\/\",\"name\":\"About us - Mini Doll Fashion | Outfits &amp; Gear at lafufu.fashion\",\"isPartOf\":{\"@id\":\"https:\\\/\\\/lafufu.fashion\\\/#website\"},\"datePublished\":\"2021-08-25T07:26:28+00:00\",\"dateModified\":\"2025-05-28T13:21:03+00:00\",\"breadcrumb\":{\"@id\":\"https:\\\/\\\/lafufu.fashion\\\/about-us-3\\\/#breadcrumb\"},\"inLanguage\":\"fr-FR\",\"potentialAction\":[{\"@type\":\"ReadAction\",\"target\":[\"https:\\\/\\\/lafufu.fashion\\\/about-us-3\\\/\"]}]},{\"@type\":\"BreadcrumbList\",\"@id\":\"https:\\\/\\\/lafufu.fashion\\\/about-us-3\\\/#breadcrumb\",\"itemListElement\":[{\"@type\":\"ListItem\",\"position\":1,\"name\":\"Home\",\"item\":\"https:\\\/\\\/lafufu.fashion\\\/\"},{\"@type\":\"ListItem\",\"position\":2,\"name\":\"About us\"}]},{\"@type\":\"WebSite\",\"@id\":\"https:\\\/\\\/lafufu.fashion\\\/#website\",\"url\":\"https:\\\/\\\/lafufu.fashion\\\/\",\"name\":\"Mini Doll Fashion | Outfits &amp; Gear at lafufu.fashion\",\"description\":\"\",\"potentialAction\":[{\"@type\":\"SearchAction\",\"target\":{\"@type\":\"EntryPoint\",\"urlTemplate\":\"https:\\\/\\\/lafufu.fashion\\\/?s={search_term_string}\"},\"query-input\":{\"@type\":\"PropertyValueSpecification\",\"valueRequired\":true,\"valueName\":\"search_term_string\"}}],\"inLanguage\":\"fr-FR\"}]}<\/script>\n<!-- \/ Yoast SEO Premium plugin. -->","yoast_head_json":{"title":"\u00c0 propos de nous - Mini Doll Fashion | Tenues et \u00e9quipements sur lafufu.fashion","robots":{"index":"index","follow":"follow","max-snippet":"max-snippet:-1","max-image-preview":"max-image-preview:large","max-video-preview":"max-video-preview:-1"},"canonical":"https:\/\/lafufu.fashion\/fr\/a-propos-de-nous-3\/","og_locale":"fr_FR","og_type":"article","og_title":"About us","og_url":"https:\/\/lafufu.fashion\/fr\/a-propos-de-nous-3\/","og_site_name":"Mini Doll Fashion | Outfits &amp; Gear at lafufu.fashion","article_modified_time":"2025-05-28T13:21:03+00:00","twitter_card":"summary_large_image","twitter_misc":{"Dur\u00e9e de lecture estim\u00e9e":"1 minute"},"schema":{"@context":"https:\/\/schema.org","@graph":[{"@type":"WebPage","@id":"https:\/\/lafufu.fashion\/about-us-3\/","url":"https:\/\/lafufu.fashion\/about-us-3\/","name":"\u00c0 propos de nous - Mini Doll Fashion | Tenues et \u00e9quipements sur lafufu.fashion","isPartOf":{"@id":"https:\/\/lafufu.fashion\/#website"},"datePublished":"2021-08-25T07:26:28+00:00","dateModified":"2025-05-28T13:21:03+00:00","breadcrumb":{"@id":"https:\/\/lafufu.fashion\/about-us-3\/#breadcrumb"},"inLanguage":"fr-FR","potentialAction":[{"@type":"ReadAction","target":["https:\/\/lafufu.fashion\/about-us-3\/"]}]},{"@type":"BreadcrumbList","@id":"https:\/\/lafufu.fashion\/about-us-3\/#breadcrumb","itemListElement":[{"@type":"ListItem","position":1,"name":"Home","item":"https:\/\/lafufu.fashion\/"},{"@type":"ListItem","position":2,"name":"About us"}]},{"@type":"WebSite","@id":"https:\/\/lafufu.fashion\/#website","url":"https:\/\/lafufu.fashion\/","name":"Mode Mini Doll | Tenues et accessoires sur lafufu.fashion","description":"","potentialAction":[{"@type":"SearchAction","target":{"@type":"EntryPoint","urlTemplate":"https:\/\/lafufu.fashion\/?s={search_term_string}"},"query-input":{"@type":"PropertyValueSpecification","valueRequired":true,"valueName":"search_term_string"}}],"inLanguage":"fr-FR"}]}},"_links":{"self":[{"href":"https:\/\/lafufu.fashion\/fr\/wp-json\/wp\/v2\/pages\/5212","targetHints":{"allow":["GET"]}}],"collection":[{"href":"https:\/\/lafufu.fashion\/fr\/wp-json\/wp\/v2\/pages"}],"about":[{"href":"https:\/\/lafufu.fashion\/fr\/wp-json\/wp\/v2\/types\/page"}],"author":[{"embeddable":true,"href":"https:\/\/lafufu.fashion\/fr\/wp-json\/wp\/v2\/users\/1"}],"replies":[{"embeddable":true,"href":"https:\/\/lafufu.fashion\/fr\/wp-json\/wp\/v2\/comments?post=5212"}],"version-history":[{"count":2,"href":"https:\/\/lafufu.fashion\/fr\/wp-json\/wp\/v2\/pages\/5212\/revisions"}],"predecessor-version":[{"id":34246,"href":"https:\/\/lafufu.fashion\/fr\/wp-json\/wp\/v2\/pages\/5212\/revisions\/34246"}],"wp:attachment":[{"href":"https:\/\/lafufu.fashion\/fr\/wp-json\/wp\/v2\/media?parent=5212"}],"curies":[{"name":"wp","href":"https:\/\/api.w.org\/{rel}","templated":true}]}}