{"id":34596,"date":"2025-06-02T17:16:41","date_gmt":"2025-06-02T17:16:41","guid":{"rendered":"https:\/\/lafufu.fashion\/product\/labubu-cotton-doll-glasses-colorful-goggles-ski-goggles-small-cloth\/"},"modified":"2026-04-22T23:43:29","modified_gmt":"2026-04-22T23:43:29","slug":"labubu-brillen","status":"publish","type":"product","link":"https:\/\/lafufu.fashion\/de\/product\/labubu-brillen\/","title":{"rendered":"Labubu Brille Baumwolle Puppenbrille bunte Schutzbrille Skibrille kleines Tuch"},"content":{"rendered":"","protected":false},"excerpt":{"rendered":"<p dir=\"auto\">Verleihe deiner Mini-Puppe mit der Labubu-Brille einen stylischen Look! Diese trendigen Brillen-Accessoires bestechen durch ihr elegantes Design und sind perfekt f\u00fcr Puppen von 7,5 bis 12,5 cm Gr\u00f6\u00dfe. Ein Muss f\u00fcr Sammler \u2013 sie runden jedes Outfit stilvoll ab. Jetzt bei lafufu.fashion shoppen \u2013 weltweit versandkostenfrei!<\/p>","protected":false},"featured_media":34662,"comment_status":"open","ping_status":"closed","template":"","meta":[],"product_brand":[],"product_cat":[21],"product_tag":[],"class_list":{"0":"post-34596","1":"product","2":"type-product","3":"status-publish","4":"has-post-thumbnail","6":"product_cat-accessories","7":"pa_colour-black-in-stock","8":"pa_colour-blue-purple","9":"pa_colour-customized-full-frame-colors-starting-from-1000-pairs","10":"pa_colour-dark-blue-in-stock","11":"pa_colour-light-blue-in-stock","12":"pa_colour-orange-in-stock","13":"pa_colour-pink-in-stock","14":"pa_colour-purple-in-stock","15":"pa_colour-red-in-stock","16":"pa_colour-transparent-in-stock","17":"pa_colour-yellow-in-stock","18":"pa_height-width-6cm-suitable-for-10cm-cotton-dolls","19":"pa_height-width-6cm-suitable-for-17cm-canvas-pendant","20":"pa_height-width-8-5cm-suitable-for-20cm-15cm-cotton-dolls","22":"first","23":"instock","24":"featured","25":"shipping-taxable","26":"purchasable","27":"product-type-variable"},"yoast_head":"<!-- This site is optimized with the Yoast SEO Premium plugin v24.9 (Yoast SEO v27.4) - https:\/\/yoast.com\/product\/yoast-seo-premium-wordpress\/ -->\n<title>Labubu glasses cotton doll glasses colorful goggles ski goggles small cloth - Mini Doll Fashion | Outfits &amp; Gear at lafufu.fashion<\/title>\n<meta name=\"description\" content=\"Shop Labubu Glasses at lafufu.fashion! These trendy eyewear accessories for mini dolls add style to your collection. Free shipping worldwide\u2014get yours now!\" \/>\n<meta name=\"robots\" content=\"index, follow, max-snippet:-1, max-image-preview:large, max-video-preview:-1\" \/>\n<link rel=\"canonical\" href=\"https:\/\/lafufu.fashion\/de\/product\/labubu-brillen\/\" \/>\n<meta property=\"og:locale\" content=\"de_DE\" \/>\n<meta property=\"og:type\" content=\"article\" \/>\n<meta property=\"og:title\" content=\"Labubu glasses cotton doll glasses colorful goggles ski goggles small cloth\" \/>\n<meta property=\"og:description\" content=\"Shop Labubu Glasses at lafufu.fashion! These trendy eyewear accessories for mini dolls add style to your collection. Free shipping worldwide\u2014get yours now!\" \/>\n<meta property=\"og:url\" content=\"https:\/\/lafufu.fashion\/de\/product\/labubu-brillen\/\" \/>\n<meta property=\"og:site_name\" content=\"Mini Doll Fashion | Outfits &amp; Gear at lafufu.fashion\" \/>\n<meta property=\"article:modified_time\" content=\"2026-04-22T23:43:29+00:00\" \/>\n<meta property=\"og:image\" content=\"https:\/\/lafufu.fashion\/wp-content\/uploads\/2025\/06\/O1CN01OQMBF21QxkDgUMesa_2379392043-0-cib-e1750264774737.jpg\" \/>\n\t<meta property=\"og:image:width\" content=\"1080\" \/>\n\t<meta property=\"og:image:height\" content=\"1082\" \/>\n\t<meta property=\"og:image:type\" content=\"image\/jpeg\" \/>\n<meta name=\"twitter:card\" content=\"summary_large_image\" \/>\n<meta name=\"twitter:label1\" content=\"Gesch\u00e4tzte Lesezeit\" \/>\n\t<meta name=\"twitter:data1\" content=\"1\u00a0Minute\" \/>\n<script type=\"application\/ld+json\" class=\"yoast-schema-graph\">{\"@context\":\"https:\\\/\\\/schema.org\",\"@graph\":[{\"@type\":\"WebPage\",\"@id\":\"https:\\\/\\\/lafufu.fashion\\\/product\\\/labubu-glasses\\\/\",\"url\":\"https:\\\/\\\/lafufu.fashion\\\/product\\\/labubu-glasses\\\/\",\"name\":\"Labubu glasses cotton doll glasses colorful goggles ski goggles small cloth - Mini Doll Fashion | Outfits &amp; Gear at lafufu.fashion\",\"isPartOf\":{\"@id\":\"https:\\\/\\\/lafufu.fashion\\\/#website\"},\"primaryImageOfPage\":{\"@id\":\"https:\\\/\\\/lafufu.fashion\\\/product\\\/labubu-glasses\\\/#primaryimage\"},\"image\":{\"@id\":\"https:\\\/\\\/lafufu.fashion\\\/product\\\/labubu-glasses\\\/#primaryimage\"},\"thumbnailUrl\":\"https:\\\/\\\/lafufu.fashion\\\/wp-content\\\/uploads\\\/2025\\\/06\\\/O1CN01OQMBF21QxkDgUMesa_2379392043-0-cib-e1750264774737.jpg\",\"datePublished\":\"2025-06-02T17:16:41+00:00\",\"dateModified\":\"2026-04-22T23:43:29+00:00\",\"description\":\"Shop Labubu Glasses at lafufu.fashion! These trendy eyewear accessories for mini dolls add style to your collection. Free shipping worldwide\u2014get yours now!\",\"breadcrumb\":{\"@id\":\"https:\\\/\\\/lafufu.fashion\\\/product\\\/labubu-glasses\\\/#breadcrumb\"},\"inLanguage\":\"de\",\"potentialAction\":[{\"@type\":\"ReadAction\",\"target\":[\"https:\\\/\\\/lafufu.fashion\\\/product\\\/labubu-glasses\\\/\"]}]},{\"@type\":\"ImageObject\",\"inLanguage\":\"de\",\"@id\":\"https:\\\/\\\/lafufu.fashion\\\/product\\\/labubu-glasses\\\/#primaryimage\",\"url\":\"https:\\\/\\\/lafufu.fashion\\\/wp-content\\\/uploads\\\/2025\\\/06\\\/O1CN01OQMBF21QxkDgUMesa_2379392043-0-cib-e1750264774737.jpg\",\"contentUrl\":\"https:\\\/\\\/lafufu.fashion\\\/wp-content\\\/uploads\\\/2025\\\/06\\\/O1CN01OQMBF21QxkDgUMesa_2379392043-0-cib-e1750264774737.jpg\",\"width\":1080,\"height\":1082},{\"@type\":\"BreadcrumbList\",\"@id\":\"https:\\\/\\\/lafufu.fashion\\\/product\\\/labubu-glasses\\\/#breadcrumb\",\"itemListElement\":[{\"@type\":\"ListItem\",\"position\":1,\"name\":\"Home\",\"item\":\"https:\\\/\\\/lafufu.fashion\\\/\"},{\"@type\":\"ListItem\",\"position\":2,\"name\":\"Shop\",\"item\":\"https:\\\/\\\/lafufu.fashion\\\/shop\\\/\"},{\"@type\":\"ListItem\",\"position\":3,\"name\":\"Labubu glasses cotton doll glasses colorful goggles ski goggles small cloth\"}]},{\"@type\":\"WebSite\",\"@id\":\"https:\\\/\\\/lafufu.fashion\\\/#website\",\"url\":\"https:\\\/\\\/lafufu.fashion\\\/\",\"name\":\"Mini Doll Fashion | Outfits &amp; Gear at lafufu.fashion\",\"description\":\"\",\"potentialAction\":[{\"@type\":\"SearchAction\",\"target\":{\"@type\":\"EntryPoint\",\"urlTemplate\":\"https:\\\/\\\/lafufu.fashion\\\/?s={search_term_string}\"},\"query-input\":{\"@type\":\"PropertyValueSpecification\",\"valueRequired\":true,\"valueName\":\"search_term_string\"}}],\"inLanguage\":\"de\"}]}<\/script>\n<!-- \/ Yoast SEO Premium plugin. -->","yoast_head_json":{"title":"Labubu-Brille, Baumwollpuppenbrille, bunte Skibrille, kleine Stoffbrille \u2013 Mini-Puppenmode | Outfits &amp; Ausr\u00fcstung bei lafufu.fashion","description":"Entdecke die Labubu-Brillen bei lafufu.fashion! Diese trendigen Brillen-Accessoires f\u00fcr Mini-Puppen sind das perfekte Accessoire f\u00fcr deine Sammlung. Weltweiter Gratisversand \u2013 jetzt zugreifen!","robots":{"index":"index","follow":"follow","max-snippet":"max-snippet:-1","max-image-preview":"max-image-preview:large","max-video-preview":"max-video-preview:-1"},"canonical":"https:\/\/lafufu.fashion\/de\/product\/labubu-brillen\/","og_locale":"de_DE","og_type":"article","og_title":"Labubu glasses cotton doll glasses colorful goggles ski goggles small cloth","og_description":"Shop Labubu Glasses at lafufu.fashion! These trendy eyewear accessories for mini dolls add style to your collection. Free shipping worldwide\u2014get yours now!","og_url":"https:\/\/lafufu.fashion\/de\/product\/labubu-brillen\/","og_site_name":"Mini Doll Fashion | Outfits &amp; Gear at lafufu.fashion","article_modified_time":"2026-04-22T23:43:29+00:00","og_image":[{"width":1080,"height":1082,"url":"https:\/\/lafufu.fashion\/wp-content\/uploads\/2025\/06\/O1CN01OQMBF21QxkDgUMesa_2379392043-0-cib-e1750264774737.jpg","type":"image\/jpeg"}],"twitter_card":"summary_large_image","twitter_misc":{"Gesch\u00e4tzte Lesezeit":"1\u00a0Minute"},"schema":{"@context":"https:\/\/schema.org","@graph":[{"@type":"WebPage","@id":"https:\/\/lafufu.fashion\/product\/labubu-glasses\/","url":"https:\/\/lafufu.fashion\/product\/labubu-glasses\/","name":"Labubu-Brille, Baumwollpuppenbrille, bunte Skibrille, kleine Stoffbrille \u2013 Mini-Puppenmode | Outfits &amp; Ausr\u00fcstung bei lafufu.fashion","isPartOf":{"@id":"https:\/\/lafufu.fashion\/#website"},"primaryImageOfPage":{"@id":"https:\/\/lafufu.fashion\/product\/labubu-glasses\/#primaryimage"},"image":{"@id":"https:\/\/lafufu.fashion\/product\/labubu-glasses\/#primaryimage"},"thumbnailUrl":"https:\/\/lafufu.fashion\/wp-content\/uploads\/2025\/06\/O1CN01OQMBF21QxkDgUMesa_2379392043-0-cib-e1750264774737.jpg","datePublished":"2025-06-02T17:16:41+00:00","dateModified":"2026-04-22T23:43:29+00:00","description":"Entdecke die Labubu-Brillen bei lafufu.fashion! Diese trendigen Brillen-Accessoires f\u00fcr Mini-Puppen sind das perfekte Accessoire f\u00fcr deine Sammlung. Weltweiter Gratisversand \u2013 jetzt zugreifen!","breadcrumb":{"@id":"https:\/\/lafufu.fashion\/product\/labubu-glasses\/#breadcrumb"},"inLanguage":"de","potentialAction":[{"@type":"ReadAction","target":["https:\/\/lafufu.fashion\/product\/labubu-glasses\/"]}]},{"@type":"ImageObject","inLanguage":"de","@id":"https:\/\/lafufu.fashion\/product\/labubu-glasses\/#primaryimage","url":"https:\/\/lafufu.fashion\/wp-content\/uploads\/2025\/06\/O1CN01OQMBF21QxkDgUMesa_2379392043-0-cib-e1750264774737.jpg","contentUrl":"https:\/\/lafufu.fashion\/wp-content\/uploads\/2025\/06\/O1CN01OQMBF21QxkDgUMesa_2379392043-0-cib-e1750264774737.jpg","width":1080,"height":1082},{"@type":"BreadcrumbList","@id":"https:\/\/lafufu.fashion\/product\/labubu-glasses\/#breadcrumb","itemListElement":[{"@type":"ListItem","position":1,"name":"Home","item":"https:\/\/lafufu.fashion\/"},{"@type":"ListItem","position":2,"name":"Shop","item":"https:\/\/lafufu.fashion\/shop\/"},{"@type":"ListItem","position":3,"name":"Labubu glasses cotton doll glasses colorful goggles ski goggles small cloth"}]},{"@type":"WebSite","@id":"https:\/\/lafufu.fashion\/#website","url":"https:\/\/lafufu.fashion\/","name":"Mini-Puppenmode | Outfits &amp; Ausr\u00fcstung bei lafufu.fashion","description":"","potentialAction":[{"@type":"SearchAction","target":{"@type":"EntryPoint","urlTemplate":"https:\/\/lafufu.fashion\/?s={search_term_string}"},"query-input":{"@type":"PropertyValueSpecification","valueRequired":true,"valueName":"search_term_string"}}],"inLanguage":"de"}]}},"_links":{"self":[{"href":"https:\/\/lafufu.fashion\/de\/wp-json\/wp\/v2\/product\/34596","targetHints":{"allow":["GET"]}}],"collection":[{"href":"https:\/\/lafufu.fashion\/de\/wp-json\/wp\/v2\/product"}],"about":[{"href":"https:\/\/lafufu.fashion\/de\/wp-json\/wp\/v2\/types\/product"}],"replies":[{"embeddable":true,"href":"https:\/\/lafufu.fashion\/de\/wp-json\/wp\/v2\/comments?post=34596"}],"wp:featuredmedia":[{"embeddable":true,"href":"https:\/\/lafufu.fashion\/de\/wp-json\/wp\/v2\/media\/34662"}],"wp:attachment":[{"href":"https:\/\/lafufu.fashion\/de\/wp-json\/wp\/v2\/media?parent=34596"}],"wp:term":[{"taxonomy":"product_brand","embeddable":true,"href":"https:\/\/lafufu.fashion\/de\/wp-json\/wp\/v2\/product_brand?post=34596"},{"taxonomy":"product_cat","embeddable":true,"href":"https:\/\/lafufu.fashion\/de\/wp-json\/wp\/v2\/product_cat?post=34596"},{"taxonomy":"product_tag","embeddable":true,"href":"https:\/\/lafufu.fashion\/de\/wp-json\/wp\/v2\/product_tag?post=34596"}],"curies":[{"name":"wp","href":"https:\/\/api.w.org\/{rel}","templated":true}]}}